{"id":80,"date":"2018-10-09T18:32:40","date_gmt":"2018-10-09T18:32:40","guid":{"rendered":"https:\/\/escolaemp.com.br\/emp\/?page_id=80"},"modified":"2026-04-07T20:34:11","modified_gmt":"2026-04-07T20:34:11","slug":"cursos-regulares","status":"publish","type":"page","link":"https:\/\/escolaemp.com.br\/emp\/cursos-regulares\/","title":{"rendered":"Cursos Regulares"},"content":{"rendered":"<table class=\"category table table-striped table-bordered table-hover table-noheader\">\n<tbody>\n<tr class=\"cat-list-row0\">\n<td class=\"list-title\" headers=\"categorylist_header_title\"><a href=\"https:\/\/escolaemp.com.br\/emp\/acordeon\/\">Acordeon<\/a><\/td>\n<\/tr>\n<tr class=\"cat-list-row1\">\n<td class=\"list-title\" headers=\"categorylist_header_title\"><a href=\"#popup-69eff26d4a9ab\" rel=\"prettyphoto\" class=\"popup-link\">Cursos de Produ\u00e7\u00e3o Musical<\/a><div id=\"popup-69eff26d4a9ab\" class=\"popup-content\"><div class=\"popup-inner\" style=\"padding:30px;\"> <a style=\"display: block; border: 2px solid #eee; border-radius: 10px; padding: 14px 16px; text-decoration: none; color: #2a1f12; font-weight: 600; margin-bottom: 10px;\" href=\"https:\/\/escolaemp.com.br\/emp\/audio-e-producao-musical-pro-tools-logic-ou-nuendo\/\" target=\"_blank\" rel=\"noopener\"> \u00c1udio e Produ\u00e7\u00e3o Musical <span style=\"display: block; font-size: .8rem; font-weight: 400; color: #888; margin-top: 3px;\"> Pro Tools, Logic ou Nuendo <\/span> <\/a> <a style=\"display: block; border: 2px solid #eee; border-radius: 10px; padding: 14px 16px; text-decoration: none; color: #2a1f12; font-weight: 600;\" href=\"https:\/\/escolaemp.com.br\/emp\/curso-tecnico-de-producao-musical-no-fl-studio-21\/\" target=\"_blank\" rel=\"noopener\"> Produ\u00e7\u00e3o Musical <span style=\"display: block; font-size: .8rem; font-weight: 400; color: #888; margin-top: 3px;\"> FL Studio 21 <\/span> <\/a> <\/div><\/div>\n<\/td>\n<\/tr>\n<tr class=\"cat-list-row1\">\n<td class=\"list-title\" headers=\"categorylist_header_title\"><a href=\"https:\/\/escolaemp.com.br\/emp\/baixo\/\">Baixo<\/a><\/td>\n<\/tr>\n<tr class=\"cat-list-row0\">\n<td class=\"list-title\" headers=\"categorylist_header_title\"><a href=\"https:\/\/escolaemp.com.br\/emp\/baixo-acustico-popular-ou-erudito\/\">Baixo Ac\u00fastico (Popular ou Erudito)<\/a><\/td>\n<\/tr>\n<tr class=\"cat-list-row0\">\n<td class=\"list-title\" headers=\"categorylist_header_title\"><a href=\"https:\/\/escolaemp.com.br\/emp\/bateria\/\">Bateria<\/a><\/td>\n<\/tr>\n<tr class=\"cat-list-row1\">\n<td class=\"list-title\" headers=\"categorylist_header_title\"><a href=\"https:\/\/escolaemp.com.br\/emp\/cavaquinho\/\">Cavaquinho<\/a><\/td>\n<\/tr>\n<tr class=\"cat-list-row0\">\n<td class=\"list-title\" headers=\"categorylist_header_title\"><a href=\"https:\/\/escolaemp.com.br\/emp\/clarinete\/\">Clarinete<\/a><\/td>\n<\/tr>\n<tr class=\"cat-list-row0\">\n<td class=\"list-title\" headers=\"categorylist_header_title\"><a href=\"https:\/\/escolaemp.com.br\/emp\/cursos-de-dj\/\">Cursos de DJ<\/a><\/td>\n<\/tr>\n<tr class=\"cat-list-row1\">\n<td class=\"list-title\" headers=\"categorylist_header_title\"><a href=\"https:\/\/escolaemp.com.br\/emp\/flauta\/\">Flauta (Transversal e Doce)<\/a><\/td>\n<\/tr>\n<tr class=\"cat-list-row1\">\n<td class=\"list-title\" headers=\"categorylist_header_title\"><a href=\"https:\/\/escolaemp.com.br\/emp\/guitarra\/\">Guitarra<\/a><\/td>\n<\/tr>\n<tr class=\"cat-list-row1\">\n<td class=\"list-title\" headers=\"categorylist_header_title\"><a href=\"https:\/\/escolaemp.com.br\/emp\/grupo-de-estudos-instrumental\/\">Grupo de estudos instrumental<\/a><\/td>\n<\/tr>\n<tr class=\"cat-list-row1\">\n<td class=\"list-title\" headers=\"categorylist_header_title\"><a href=\"https:\/\/escolaemp.com.br\/emp\/gaita\/\">Gaita<\/a><\/td>\n<\/tr>\n<tr class=\"cat-list-row0\">\n<td class=\"list-title\" headers=\"categorylist_header_title\"><a href=\"https:\/\/escolaemp.com.br\/emp\/harmonia\/\">Harmonia<\/a><\/td>\n<\/tr>\n<tr class=\"cat-list-row1\">\n<td class=\"list-title\" headers=\"categorylist_header_title\"><a href=\"https:\/\/escolaemp.com.br\/emp\/musicalizacao-adulto\/\">Musicaliza\u00e7\u00e3o Adulto<\/a><\/td>\n<\/tr>\n<tr class=\"cat-list-row0\">\n<td class=\"list-title\" headers=\"categorylist_header_title\"><a href=\"https:\/\/escolaemp.com.br\/emp\/musicalizacao-infantil\/\">Musicaliza\u00e7\u00e3o Infantil<\/a><\/td>\n<\/tr>\n<tr class=\"cat-list-row1\">\n<td class=\"list-title\" headers=\"categorylist_header_title\"><a href=\"https:\/\/escolaemp.com.br\/emp\/percussao\/\">Percuss\u00e3o<\/a><\/td>\n<\/tr>\n<tr class=\"cat-list-row0\">\n<td class=\"list-title\" headers=\"categorylist_header_title\"><a href=\"https:\/\/escolaemp.com.br\/emp\/piano-digital\/\">Piano Digital<\/a><\/td>\n<\/tr>\n<tr class=\"cat-list-row0\">\n<td class=\"list-title\" headers=\"categorylist_header_title\"><a href=\"https:\/\/escolaemp.com.br\/emp\/cursos-preparatorios-para-o-vestibular-de-musica\/\">Preparat\u00f3rios para o Vestibular de M\u00fasica<\/a><\/td>\n<\/tr>\n<tr class=\"cat-list-row1\">\n<td class=\"list-title\" headers=\"categorylist_header_title\"><a href=\"https:\/\/escolaemp.com.br\/emp\/saxofone\/\">Saxofone<\/a><\/td>\n<\/tr>\n<tr class=\"cat-list-row0\">\n<td class=\"list-title\" headers=\"categorylist_header_title\"><a href=\"https:\/\/escolaemp.com.br\/emp\/teclado\/\">Teclado<\/a><\/td>\n<\/tr>\n<tr class=\"cat-list-row1\">\n<td class=\"list-title\" headers=\"categorylist_header_title\"><a href=\"https:\/\/escolaemp.com.br\/emp\/tecnica-vocal-e-canto-livre\/\">T\u00e9cnica Vocal e Canto Livre<\/a><\/td>\n<\/tr>\n<tr class=\"cat-list-row0\">\n<td class=\"list-title\" headers=\"categorylist_header_title\"><a href=\"https:\/\/escolaemp.com.br\/emp\/trompete\/\">Trompete<\/a><\/td>\n<\/tr>\n<tr class=\"cat-list-row1\">\n<td class=\"list-title\" headers=\"categorylist_header_title\"><a href=\"https:\/\/escolaemp.com.br\/emp\/ukulele\/\">Ukulele<\/a><\/td>\n<\/tr>\n<tr class=\"cat-list-row1\">\n<td class=\"list-title\" headers=\"categorylist_header_title\"><a href=\"https:\/\/escolaemp.com.br\/emp\/viola-caipira\/\">Viola Caipira<\/a><\/td>\n<\/tr>\n<tr class=\"cat-list-row1\">\n<td class=\"list-title\" headers=\"categorylist_header_title\"><a href=\"https:\/\/escolaemp.com.br\/emp\/violao\/\">Viol\u00e3o<\/a><\/td>\n<\/tr>\n<tr class=\"cat-list-row0\">\n<td class=\"list-title\" headers=\"categorylist_header_title\"><a href=\"https:\/\/escolaemp.com.br\/emp\/violao-classico\/\">Viol\u00e3o Cl\u00e1ssico<\/a><\/td>\n<\/tr>\n<tr class=\"cat-list-row1\">\n<td class=\"list-title\" headers=\"categorylist_header_title\"><a href=\"https:\/\/escolaemp.com.br\/emp\/violao-7-cordas\/\">Viol\u00e3o 7 Cordas<\/a><\/td>\n<\/tr>\n<tr class=\"cat-list-row0\">\n<td class=\"list-title\" headers=\"categorylist_header_title\"><a href=\"https:\/\/escolaemp.com.br\/emp\/violino\/\">Violino<\/a><\/td>\n<\/tr>\n<tr class=\"cat-list-row0\">\n<td class=\"list-title\" headers=\"categorylist_header_title\"><a href=\"https:\/\/escolaemp.com.br\/emp\/violoncelo\/\">Violoncelo<\/a><\/td>\n<\/tr>\n<\/tbody>\n<\/table>\n<div class=\"alert alert_warning\"><div class=\"alert_icon\"><i class=\"icon-lamp\"><\/i><\/div><div class=\"alert_wrapper\"><\/p>\n<p><strong>Infra-estrutura<\/strong>: Salas com instrumentos, amplificadores , sistema de som e computador.<\/p>\n<p>As aulas pr\u00e1ticas de canto e instrumento s\u00e3o individuais.<\/p>\n<p><\/div><a href=\"#\" class=\"close\"><i class=\"icon-cancel\"><\/i><\/a><\/div>\n\n","protected":false},"excerpt":{"rendered":"<p>Acordeon Baixo Baixo Ac\u00fastico (Popular ou Erudito) Bateria Cavaquinho Clarinete Cursos de DJ Flauta (Transversal e Doce) Guitarra Grupo de estudos instrumental Gaita Harmonia Musicaliza\u00e7\u00e3o Adulto<span class=\"excerpt-hellip\"> [\u2026]<\/span><\/p>\n","protected":false},"author":1,"featured_media":0,"parent":0,"menu_order":0,"comment_status":"closed","ping_status":"closed","template":"","meta":[],"_links":{"self":[{"href":"https:\/\/escolaemp.com.br\/emp\/wp-json\/wp\/v2\/pages\/80"}],"collection":[{"href":"https:\/\/escolaemp.com.br\/emp\/wp-json\/wp\/v2\/pages"}],"about":[{"href":"https:\/\/escolaemp.com.br\/emp\/wp-json\/wp\/v2\/types\/page"}],"author":[{"embeddable":true,"href":"https:\/\/escolaemp.com.br\/emp\/wp-json\/wp\/v2\/users\/1"}],"replies":[{"embeddable":true,"href":"https:\/\/escolaemp.com.br\/emp\/wp-json\/wp\/v2\/comments?post=80"}],"version-history":[{"count":38,"href":"https:\/\/escolaemp.com.br\/emp\/wp-json\/wp\/v2\/pages\/80\/revisions"}],"predecessor-version":[{"id":3118,"href":"https:\/\/escolaemp.com.br\/emp\/wp-json\/wp\/v2\/pages\/80\/revisions\/3118"}],"wp:attachment":[{"href":"https:\/\/escolaemp.com.br\/emp\/wp-json\/wp\/v2\/media?parent=80"}],"curies":[{"name":"wp","href":"https:\/\/api.w.org\/{rel}","templated":true}]}}