{"id":76,"date":"2018-10-09T18:22:09","date_gmt":"2018-10-09T18:22:09","guid":{"rendered":"https:\/\/escolaemp.com.br\/emp\/?page_id=76"},"modified":"2025-09-30T21:35:49","modified_gmt":"2025-09-30T21:35:49","slug":"estudio","status":"publish","type":"page","link":"https:\/\/escolaemp.com.br\/emp\/estudio\/","title":{"rendered":"Est\u00fadio"},"content":{"rendered":"<p><img decoding=\"async\" loading=\"lazy\" class=\"alignnone wp-image-283 size-full\" src=\"https:\/\/escolaemp.com.br\/emp\/wp-content\/uploads\/2018\/12\/A-hist\u00f3ria.jpg\" alt=\"A hist\u00f3ria da Escola de M\u00fasica Popular\" width=\"1490\" height=\"200\" srcset=\"https:\/\/escolaemp.com.br\/emp\/wp-content\/uploads\/2018\/12\/A-hist\u00f3ria.jpg 1490w, https:\/\/escolaemp.com.br\/emp\/wp-content\/uploads\/2018\/12\/A-hist\u00f3ria-300x40.jpg 300w, https:\/\/escolaemp.com.br\/emp\/wp-content\/uploads\/2018\/12\/A-hist\u00f3ria-768x103.jpg 768w, https:\/\/escolaemp.com.br\/emp\/wp-content\/uploads\/2018\/12\/A-hist\u00f3ria-1024x137.jpg 1024w, https:\/\/escolaemp.com.br\/emp\/wp-content\/uploads\/2018\/12\/A-hist\u00f3ria-260x35.jpg 260w, https:\/\/escolaemp.com.br\/emp\/wp-content\/uploads\/2018\/12\/A-hist\u00f3ria-50x7.jpg 50w, https:\/\/escolaemp.com.br\/emp\/wp-content\/uploads\/2018\/12\/A-hist\u00f3ria-150x20.jpg 150w\" sizes=\"(max-width: 1490px) 100vw, 1490px\" \/><\/p>\n<p><b><i>Tabela de pre\u00e7os do est\u00fadio:<\/i><\/b><\/p>\n<table class=\"table-tabela-de-precos\">\n<tbody>\n<tr>\n<td><strong>Servi\u00e7o<\/strong><\/td>\n<td><strong>Valor<\/strong><\/td>\n<\/tr>\n<tr>\n<td>1 Hora de ensaio<\/td>\n<td>R$ 58,00<\/td>\n<\/tr>\n<tr>\n<td>Per\u00edodo de grava\u00e7\u00e3o (1 hora) com t\u00e9cnico<\/td>\n<td>R$ 199,00<\/td>\n<\/tr>\n<tr>\n<td>Aluguel do Kit de Bateria (caixa,pratos e pedal de bumbo)(\u00b9)<\/td>\n<td>R$ 44,00<\/td>\n<\/tr>\n<tr>\n<td>Aluguel de baquetas(\u00b2)<\/td>\n<td>R$ 22,00<\/td>\n<\/tr>\n<tr>\n<td>Aluguel de guitarra, baixo ou teclado por 1 hora<\/td>\n<td>R$ 44,00<\/td>\n<\/tr>\n<tr>\n<td>2 horas de ensaio com todos os instrumentos\/acess\u00f3rios inclu\u00eddos<\/td>\n<td>R$ 378,00<\/td>\n<\/tr>\n<\/tbody>\n<\/table>\n<p><sub>(1) Para cada 2 horas de ensaio. Cada hora <span style=\"font-size: 13.3333px;\">subsequente<\/span> aumenta R$ 17,00.\u00a0<\/sub><br \/><sub>(2) Para cada 2 horas de ensaio. Cada hora <span style=\"font-size: 13.3333px;\">subsequente<\/span>\u00a0aumenta R$ 10,00.<\/sub><\/p>\n<p><strong>Alunos t\u00eam 10% de desconto sobre o pre\u00e7o de lista.<\/strong><\/p>\n<p><strong>Sala de bateria<span style=\"color: #ff0000;\"> <b>(exclusivo para alunos do curso de bateria)<span style=\"color: #000000;\">:<\/span><\/b><\/span><\/strong><\/p>\n<ul>\n<li>\n<p class=\"m_6477296438957194982MsoBodyText\">Sem kit de bateria:\u00a0 R$44,00 por hora.<u><\/u><u><\/u><\/p>\n<\/li>\n<li>Com kit de bateria: R$65,00 por hora.<\/li>\n<\/ul>\n<p class=\"m_6477296438957194982MsoBodyText\"><b>Aluguel de outras salas\u00a0<\/b><b><span style=\"color: #ff0000;\">(exclusivo para alunos)<span style=\"color: #000000;\">:<\/span><\/span><u><\/u><u><\/u><\/b><\/p>\n<p class=\"m_6477296438957194982MsoBodyText\">R$44,00 por hora.<\/p>\n\n\n<p><\/p>\n","protected":false},"excerpt":{"rendered":"<p>Tabela de pre\u00e7os do est\u00fadio: Servi\u00e7o Valor 1 Hora de ensaio R$ 58,00 Per\u00edodo de grava\u00e7\u00e3o (1 hora) com t\u00e9cnico R$ 199,00 Aluguel do Kit de<span class=\"excerpt-hellip\"> [\u2026]<\/span><\/p>\n","protected":false},"author":1,"featured_media":0,"parent":0,"menu_order":0,"comment_status":"closed","ping_status":"closed","template":"","meta":[],"_links":{"self":[{"href":"https:\/\/escolaemp.com.br\/emp\/wp-json\/wp\/v2\/pages\/76"}],"collection":[{"href":"https:\/\/escolaemp.com.br\/emp\/wp-json\/wp\/v2\/pages"}],"about":[{"href":"https:\/\/escolaemp.com.br\/emp\/wp-json\/wp\/v2\/types\/page"}],"author":[{"embeddable":true,"href":"https:\/\/escolaemp.com.br\/emp\/wp-json\/wp\/v2\/users\/1"}],"replies":[{"embeddable":true,"href":"https:\/\/escolaemp.com.br\/emp\/wp-json\/wp\/v2\/comments?post=76"}],"version-history":[{"count":13,"href":"https:\/\/escolaemp.com.br\/emp\/wp-json\/wp\/v2\/pages\/76\/revisions"}],"predecessor-version":[{"id":2960,"href":"https:\/\/escolaemp.com.br\/emp\/wp-json\/wp\/v2\/pages\/76\/revisions\/2960"}],"wp:attachment":[{"href":"https:\/\/escolaemp.com.br\/emp\/wp-json\/wp\/v2\/media?parent=76"}],"curies":[{"name":"wp","href":"https:\/\/api.w.org\/{rel}","templated":true}]}}