{"id":669,"date":"2019-04-22T17:01:36","date_gmt":"2019-04-22T17:01:36","guid":{"rendered":"https:\/\/escolaemp.com.br\/emp\/?page_id=669"},"modified":"2025-06-25T17:17:31","modified_gmt":"2025-06-25T17:17:31","slug":"violao-e-voz","status":"publish","type":"page","link":"https:\/\/escolaemp.com.br\/emp\/violao-e-voz\/","title":{"rendered":"Viol\u00e3o e Voz"},"content":{"rendered":"<p style=\"font-style: inherit; font-weight: 400;\">O curso de Viol\u00e3o e Voz \u00e9 oferecido a alunos que j\u00e1 tocam o viol\u00e3o e cantam (n\u00edvel b\u00e1sico pelo menos) que pretendem preparar uma apresenta\u00e7\u00e3o solo de viol\u00e3o e voz para objetivos profissionais ou amadores.<\/p>\n<p style=\"font-weight: 400;\">T\u00f3picos do curso:<\/p>\n<p style=\"font-weight: 400;\">1 \u2013 Cria\u00e7\u00e3o do repert\u00f3rio<\/p>\n<p style=\"font-weight: 400;\">2 \u2013 Ensaio do repert\u00f3rio escolhido<\/p>\n<p style=\"font-style: inherit; font-weight: 400;\"><strong>Divis\u00e3o das aulas<\/strong>:<\/p>\n<ul>\n<li style=\"font-weight: 400;\">1 aula\/ semana pr\u00e1tica<\/li>\n<\/ul>\n<h4><strong>Tabela de pre\u00e7os:<\/strong><\/h4>\n<table style=\"font-weight: 400;\" width=\"0\">\n<tbody>\n<tr>\n<td><strong>Matr\u00edcula:<\/strong><\/td>\n<td>\n<p class=\"show_enrol\" title=\"\" data-original-title=\"\"><a href=\"#popup-6a09ab1d53c63\" rel=\"prettyphoto\" class=\"popup-link\">Veja as op\u00e7\u00f5es<\/a><div id=\"popup-6a09ab1d53c63\" class=\"popup-content\"><div class=\"popup-inner\" ><\/p>\n<p style=\"font-weight: 400;\"><b>R$\n113,00\t\n\n<?php<\/b> alunos at\u00e9 10 anos<\/p>\n<p style=\"font-weight: 400;\"><b>R$\n198,00\n<?php<\/b>\u00a0incluindo material did\u00e1tico do N\u00edvel I (Musicaliza\u00e7\u00e3o e Instrumento).<\/p>\n<p style=\"font-weight: 400;\"><em>O valor pode ser pago em 3 parcelas (cart\u00e3o de cr\u00e9dito).<\/em><\/p>\n<p class=\"show_enrol\" title=\"\" data-original-title=\"\"><small class=\"\">\u00a0<\/small><\/div><\/div>\n<\/p>\n<\/td>\n<\/tr>\n<tr>\n<td><strong>Mensalidade:<\/strong><\/td>\n<td>R$ \n544,00\t\n\n<?php<\/td>\n<\/tr>\n<\/tbody>\n<\/table>\n<p><a href=\"https:\/\/escolaemp.com.br\/emp\/professores-de-violao-e-voz\/\">Conhe\u00e7a os professores<\/a>.<\/p>\n","protected":false},"excerpt":{"rendered":"<p>O curso de Viol\u00e3o e Voz \u00e9 oferecido a alunos que j\u00e1 tocam o viol\u00e3o e cantam (n\u00edvel b\u00e1sico pelo menos) que pretendem preparar uma apresenta\u00e7\u00e3o<span class=\"excerpt-hellip\"> [\u2026]<\/span><\/p>\n","protected":false},"author":1,"featured_media":0,"parent":0,"menu_order":0,"comment_status":"closed","ping_status":"closed","template":"","meta":[],"_links":{"self":[{"href":"https:\/\/escolaemp.com.br\/emp\/wp-json\/wp\/v2\/pages\/669"}],"collection":[{"href":"https:\/\/escolaemp.com.br\/emp\/wp-json\/wp\/v2\/pages"}],"about":[{"href":"https:\/\/escolaemp.com.br\/emp\/wp-json\/wp\/v2\/types\/page"}],"author":[{"embeddable":true,"href":"https:\/\/escolaemp.com.br\/emp\/wp-json\/wp\/v2\/users\/1"}],"replies":[{"embeddable":true,"href":"https:\/\/escolaemp.com.br\/emp\/wp-json\/wp\/v2\/comments?post=669"}],"version-history":[{"count":13,"href":"https:\/\/escolaemp.com.br\/emp\/wp-json\/wp\/v2\/pages\/669\/revisions"}],"predecessor-version":[{"id":2882,"href":"https:\/\/escolaemp.com.br\/emp\/wp-json\/wp\/v2\/pages\/669\/revisions\/2882"}],"wp:attachment":[{"href":"https:\/\/escolaemp.com.br\/emp\/wp-json\/wp\/v2\/media?parent=669"}],"curies":[{"name":"wp","href":"https:\/\/api.w.org\/{rel}","templated":true}]}}