{"id":528,"date":"2019-02-02T19:31:50","date_gmt":"2019-02-02T19:31:50","guid":{"rendered":"https:\/\/escolaemp.com.br\/emp\/?page_id=528"},"modified":"2026-01-07T20:34:45","modified_gmt":"2026-01-07T20:34:45","slug":"violino","status":"publish","type":"page","link":"https:\/\/escolaemp.com.br\/emp\/violino\/","title":{"rendered":"Violino"},"content":{"rendered":"<p>O curso de violino da Escola EMP oferece uma inicia\u00e7\u00e3o ao instrumento, bem como \u00e0 sua hist\u00f3ria e como manusear o violino. Dominar\u00e1 os contatos b\u00e1sicos do arco e do violino. Ter\u00e1 um contato com a partitura, escrita musical para esse instrumento juntamente com a pr\u00e1tica de se iniciar os primeiros sons no instrumento. Aprender\u00e1 o\u00a0<em>Detach\u00e9<\/em>\u00a0primeiro golpe de arco. Aprender\u00e1 as digita\u00e7\u00f5es b\u00e1sicas para a primeira posi\u00e7\u00e3o no bra\u00e7o do violino.<u><\/u><u><\/u><\/p>\n<p>Trabalharemos no amadurecimento da sonoridade nas aulas subsequentes atrav\u00e9s de m\u00fasicas bem como avan\u00e7aremos em novas t\u00e9cnicas do violino como, por exemplo, produ\u00e7\u00e3o de escalas na primeira posi\u00e7\u00e3o. Ao final de um semestre, j\u00e1 \u00e9 poss\u00edvel um trabalho de m\u00fasica de c\u00e2mera atrav\u00e9s de duetos<u><\/u><u><\/u><\/p>\n<p>Sempre iniciamos as aulas revisando o que foi assimilado pelo aluno nos trabalhos anteriores. Assim poderemos revisar e amadurecer os conhecimentos j\u00e1 apreendidos bem como avan\u00e7ar em novas t\u00e9cnicas.<u><\/u><u><\/u><\/p>\n<p>\u00c0 medida que se avan\u00e7a no estudo, ser\u00e1 poss\u00edvel ao aluno ter desenvoltura e dom\u00ednio de t\u00e9cnicas que permitir\u00e3o uma autonomia para buscar tocar as m\u00fasicas de seu interesse.<u><\/u><u><\/u><\/p>\n<p>O curso \u00e9 dividido em tr\u00eas t\u00f3picos diferentes: instrumento, pr\u00e1tica em conjunto e musicaliza\u00e7\u00e3o, possibilitando ao m\u00fasico uma forma\u00e7\u00e3o completa e preparando-o para o mercado de trabalho.<\/p>\n<ul>\n<li><strong>Divis\u00e3o das aulas:<\/strong><\/li>\n<li>1 aula\/ semana pr\u00e1tica do instrumento<\/li>\n<li>Aulas de pr\u00e1tica em conjunto\u00a0 \u2192 <a href=\"https:\/\/escolaemp.com.br\/emp\/praticas-em-conjunto\/\">Consulte as aulas (*)<\/a><\/li>\n<li>1 aula\/ semana <a href=\"https:\/\/escolaemp.com.br\/emp\/musicalizacao-adulto\/\">musicaliza\u00e7\u00e3o<\/a> (teoria musical) (*)<\/li>\n<\/ul>\n<p>(*) Os cursos de musicaliza\u00e7\u00e3o e pr\u00e1ticas em conjunto s\u00e3o oferecidos\u00a0<u>gratuitamente<\/u>\u00a0a todos os alunos matriculados em cursos regulares da EMP. Indicados para alunos a partir de 12 anos.<\/p>\n<table class=\"price-table\" cellspacing=\"0\" cellpadding=\"0\">\n<tbody>\n<tr>\n<td>Matr\u00edcula:<\/td>\n<td>\n<p class=\"show_enrol\" title=\"\" data-original-title=\"\"><a href=\"#popup-69e090d3dfa69\" rel=\"prettyphoto\" class=\"popup-link\">Veja as op\u00e7\u00f5es<\/a><div id=\"popup-69e090d3dfa69\" class=\"popup-content\"><div class=\"popup-inner\" ><\/p>\n<p style=\"font-weight: 400;\"><strong>R$\n113,00\t\n\n<?php<\/strong>\u00a0alunos at\u00e9 10 anos<\/p>\n<p style=\"font-weight: 400;\"><strong>R$\n198,00\n<?php<\/strong>\u00a0incluindo material did\u00e1tico do N\u00edvel I (Musicaliza\u00e7\u00e3o e Instrumento).<\/p>\n<p style=\"font-weight: 400;\"><em>O valor pode ser pago em 3 parcelas (cart\u00e3o de cr\u00e9dito).<\/em><\/p>\n<p class=\"show_enrol\" title=\"\" data-original-title=\"\"><small class=\"\">\u00a0<\/small><\/div><\/div>\n<\/p>\n<\/td>\n<\/tr>\n<tr>\n<td>Mensalidade:<\/td>\n<td>R$ \n571,00\t\n\n<?php<\/td>\n<\/tr>\n<\/tbody>\n<\/table>\n<p><a href=\"https:\/\/escolaemp.com.br\/emp\/professores-de-violino\/\"><strong>Conhe\u00e7a os professores<\/strong><\/a><\/p>\n<div class=\"alert alert_warning\"><div class=\"alert_icon\"><i class=\"icon-lamp\"><\/i><\/div><div class=\"alert_wrapper\"><\/p>\n<p>Infra-estrutura: Salas com instrumentos, amplificadores , sistema de som e computador.\u00a0As aulas pr\u00e1ticas de canto e instrumento s\u00e3o individuais.<\/p>\n<p><\/div><a href=\"#\" class=\"close\"><i class=\"icon-cancel\"><\/i><\/a><\/div>\n\n","protected":false},"excerpt":{"rendered":"<p>O curso de violino da Escola EMP oferece uma inicia\u00e7\u00e3o ao instrumento, bem como \u00e0 sua hist\u00f3ria e como manusear o violino. Dominar\u00e1 os contatos b\u00e1sicos<span class=\"excerpt-hellip\"> [\u2026]<\/span><\/p>\n","protected":false},"author":1,"featured_media":0,"parent":0,"menu_order":0,"comment_status":"closed","ping_status":"closed","template":"","meta":[],"_links":{"self":[{"href":"https:\/\/escolaemp.com.br\/emp\/wp-json\/wp\/v2\/pages\/528"}],"collection":[{"href":"https:\/\/escolaemp.com.br\/emp\/wp-json\/wp\/v2\/pages"}],"about":[{"href":"https:\/\/escolaemp.com.br\/emp\/wp-json\/wp\/v2\/types\/page"}],"author":[{"embeddable":true,"href":"https:\/\/escolaemp.com.br\/emp\/wp-json\/wp\/v2\/users\/1"}],"replies":[{"embeddable":true,"href":"https:\/\/escolaemp.com.br\/emp\/wp-json\/wp\/v2\/comments?post=528"}],"version-history":[{"count":17,"href":"https:\/\/escolaemp.com.br\/emp\/wp-json\/wp\/v2\/pages\/528\/revisions"}],"predecessor-version":[{"id":3042,"href":"https:\/\/escolaemp.com.br\/emp\/wp-json\/wp\/v2\/pages\/528\/revisions\/3042"}],"wp:attachment":[{"href":"https:\/\/escolaemp.com.br\/emp\/wp-json\/wp\/v2\/media?parent=528"}],"curies":[{"name":"wp","href":"https:\/\/api.w.org\/{rel}","templated":true}]}}