{"id":526,"date":"2019-02-02T19:30:46","date_gmt":"2019-02-02T19:30:46","guid":{"rendered":"https:\/\/escolaemp.com.br\/emp\/?page_id=526"},"modified":"2026-04-07T20:27:17","modified_gmt":"2026-04-07T20:27:17","slug":"violao-classico","status":"publish","type":"page","link":"https:\/\/escolaemp.com.br\/emp\/violao-classico\/","title":{"rendered":"Viol\u00e3o Cl\u00e1ssico"},"content":{"rendered":"<p>O curso de viol\u00e3o da Escola EMP foi estruturado em 3 n\u00edveis, com a dura\u00e7\u00e3o m\u00ednima de 01 semestre para cada n\u00edvel.O curso foi elaborado pelo violonista Ricardo Mar\u00e7al, formado em bacharelado Na UFMG. O material did\u00e1tico \u00e9 composto por pe\u00e7as musicais, Estudos (Villa Lobos, Brouwer, Sor e Carcassi), leitura, estudo de escalas e arpejos, t\u00e9cnica m\u00e3o direita e esquerda, sonoridade e estilos. O curso \u00e9 dividido em tr\u00eas t\u00f3picos diferentes: aula do instrumento, recital e percep\u00e7\u00e3o, possibilitando ao m\u00fasico uma forma\u00e7\u00e3o completa e preparando-o para atuar como m\u00fasico profissional e para o vestibular da UFMG e UEMG.<\/p>\n<p><span class=\"Apple-style-span\">Divis\u00e3o das aulas:<br \/>\n<\/span>\u2022\u00a0 1 aula\/ semana pr\u00e1tica do instrumento<br \/>\n\u2022\u00a0 1 aula\/ semana de <a href=\"https:\/\/escolaemp.com.br\/emp\/musicalizacao-adulto\/\">musicaliza\u00e7\u00e3o<\/a> (teoria musical) (*)<br \/>\n\u2022\u00a0 aulas de pr\u00e1ticas em conjunto \u2192 <a href=\"https:\/\/escolaemp.com.br\/emp\/praticas-em-conjunto\/\">Consulte as aulas (*)<\/a><\/p>\n<p>(*) Os cursos de musicaliza\u00e7\u00e3o e pr\u00e1ticas em conjunto s\u00e3o oferecidos\u00a0<u>gratuitamente<\/u>\u00a0a todos os alunos matriculados em cursos regulares da EMP. Indicados para alunos a partir de 12 anos.<\/p>\n<h4><strong>Tabela de pre\u00e7os:<\/strong><\/h4>\n<table class=\"price-table\" cellspacing=\"0\" cellpadding=\"10\">\n<tbody>\n<tr>\n<td><strong>Matr\u00edcula:<\/strong><\/td>\n<td>\n<p class=\"show_enrol\" title=\"\" data-original-title=\"\"><a href=\"#popup-69df3692dda80\" rel=\"prettyphoto\" class=\"popup-link\">Veja as op\u00e7\u00f5es<\/a><div id=\"popup-69df3692dda80\" class=\"popup-content\"><div class=\"popup-inner\" ><\/p>\n<p style=\"font-weight: 400;\"><strong>R$\n113,00\t\n\n<?php<\/strong>\u00a0alunos at\u00e9 10 anos<\/p>\n<p style=\"font-weight: 400;\"><strong>R$\n198,00\n<?php<\/strong>\u00a0incluindo material did\u00e1tico do N\u00edvel I (Musicaliza\u00e7\u00e3o e Instrumento).<\/p>\n<p style=\"font-weight: 400;\"><em>O valor pode ser pago em 3 parcelas (cart\u00e3o de cr\u00e9dito).<\/em><\/p>\n<p class=\"show_enrol\" title=\"\" data-original-title=\"\"><small class=\"\">\u00a0<\/small><\/div><\/div>\n<\/p>\n<\/td>\n<\/tr>\n<tr>\n<td><strong>Mensalidade:<\/strong><\/td>\n<td>R$ \n618,00\t\n\n<?php<\/td>\n<\/tr>\n<\/tbody>\n<\/table>\n<p><a href=\"https:\/\/escolaemp.com.br\/emp\/professores-de-violao-classico\/\">Conhe\u00e7a os professores.<\/a><\/p>\n<div class=\"alert alert_warning\"><div class=\"alert_icon\"><i class=\"icon-lamp\"><\/i><\/div><div class=\"alert_wrapper\"><\/p>\n<p>Infra-estrutura: Salas com instrumentos, amplificadores , sistema de som e computador.\u00a0As aulas pr\u00e1ticas de canto e instrumento s\u00e3o individuais.<\/p>\n<p><\/div><a href=\"#\" class=\"close\"><i class=\"icon-cancel\"><\/i><\/a><\/div>\n\n","protected":false},"excerpt":{"rendered":"<p>O curso de viol\u00e3o da Escola EMP foi estruturado em 3 n\u00edveis, com a dura\u00e7\u00e3o m\u00ednima de 01 semestre para cada n\u00edvel.O curso foi elaborado pelo<span class=\"excerpt-hellip\"> [\u2026]<\/span><\/p>\n","protected":false},"author":1,"featured_media":0,"parent":0,"menu_order":0,"comment_status":"closed","ping_status":"closed","template":"","meta":[],"_links":{"self":[{"href":"https:\/\/escolaemp.com.br\/emp\/wp-json\/wp\/v2\/pages\/526"}],"collection":[{"href":"https:\/\/escolaemp.com.br\/emp\/wp-json\/wp\/v2\/pages"}],"about":[{"href":"https:\/\/escolaemp.com.br\/emp\/wp-json\/wp\/v2\/types\/page"}],"author":[{"embeddable":true,"href":"https:\/\/escolaemp.com.br\/emp\/wp-json\/wp\/v2\/users\/1"}],"replies":[{"embeddable":true,"href":"https:\/\/escolaemp.com.br\/emp\/wp-json\/wp\/v2\/comments?post=526"}],"version-history":[{"count":15,"href":"https:\/\/escolaemp.com.br\/emp\/wp-json\/wp\/v2\/pages\/526\/revisions"}],"predecessor-version":[{"id":3113,"href":"https:\/\/escolaemp.com.br\/emp\/wp-json\/wp\/v2\/pages\/526\/revisions\/3113"}],"wp:attachment":[{"href":"https:\/\/escolaemp.com.br\/emp\/wp-json\/wp\/v2\/media?parent=526"}],"curies":[{"name":"wp","href":"https:\/\/api.w.org\/{rel}","templated":true}]}}