{"id":517,"date":"2019-02-02T19:26:02","date_gmt":"2019-02-02T19:26:02","guid":{"rendered":"https:\/\/escolaemp.com.br\/emp\/?page_id=517"},"modified":"2026-01-07T20:33:37","modified_gmt":"2026-01-07T20:33:37","slug":"ukulele","status":"publish","type":"page","link":"https:\/\/escolaemp.com.br\/emp\/ukulele\/","title":{"rendered":"Ukulele"},"content":{"rendered":"<p>Ukulele \u00e9 um instrumento t\u00edpico havaiano e no idioma nativo quer dizer, \u201cpulga saltitante\u201d, por causa do movimento das m\u00e3os de quem o toca. Al\u00e9m de ser utilizado na m\u00fasica tradicional havaiana, o ukulele foi bastante utilizado na m\u00fasica popular americana. O m\u00fasico havaiano Israel Kamakawiwo&#8217;ole tamb\u00e9m ajudou a popularizar o instrumento, especialmente com seu pot-pourri de &#8220;Over the Rainbow&#8221; e &#8220;What a wonderful world&#8221;. George Harrison era um grande apreciador do ukulele, e o utilizou nas grava\u00e7\u00f5es de algumas faixas do seu \u00faltimo disco, Brainwashed.Paul McCartney, tamb\u00e9m utilizou o ukulele na m\u00fasica Ram On.<\/p>\n<p>O curso de Ukelele da Escola EMP foi estruturado em dois n\u00edveis, com a dura\u00e7\u00e3o m\u00ednima de um ano para cada n\u00edvel.<\/p>\n<p>Nas aulas do instrumento ser\u00e3o abordados:<\/p>\n<ul>\n<li>T\u00e9cnica para m\u00e3o direita e esquerda<\/li>\n<\/ul>\n<p>\u00b7 Ritmos dos principais estilos que utilizam o ukelele,<\/p>\n<ul>\n<li>Acordes e substitui\u00e7\u00e3o de acordes<\/li>\n<\/ul>\n<p>\u00b7 Escalas e arpejos e sua aplicabilidade nas m\u00fasicas estudadas<\/p>\n<ul>\n<li>Repert\u00f3rio espec\u00edfico do instrumento.<\/li>\n<\/ul>\n<p>Ap\u00f3s o t\u00e9rmino de cada n\u00edvel o aluno receber\u00e1 um certificado de conclus\u00e3o.<\/p>\n<p>Al\u00e9m da aula do instrumento o aluno poder\u00e1 fazer aulas semanais de pr\u00e1tica em conjunto e musicaliza\u00e7\u00e3o (percep\u00e7\u00e3o, teoria, treinamento r\u00edtmico e harmonia) , possibilitando ao m\u00fasico uma forma\u00e7\u00e3o completa e preparando-o para o mercado de trabalho.<\/p>\n<p>\u00a0<\/p>\n<p><strong>Divis\u00e3o das aulas:<\/strong><\/p>\n<ul>\n<li>1 aula\/ semana pr\u00e1tica do instrumento<\/li>\n<li>Aulas de pr\u00e1tica em conjunto \u2192 <a href=\"https:\/\/escolaemp.com.br\/emp\/praticas-em-conjunto\/\">Consulte as aulas (*)<\/a><\/li>\n<li>1 aula\/ semana <a href=\"https:\/\/escolaemp.com.br\/emp\/musicalizacao-adulto\/\">musicaliza\u00e7\u00e3o<\/a> (teoria musical) (*)<\/li>\n<\/ul>\n<p>(*) Os cursos de musicaliza\u00e7\u00e3o e pr\u00e1ticas em conjunto s\u00e3o oferecidos\u00a0<u>gratuitamente<\/u>\u00a0a todos os alunos matriculados em cursos regulares da EMP. Indicados para alunos a partir de 12 anos.<\/p>\n<ul>\n<li><a href=\"https:\/\/escolaemp.com.br\/emp\/professores-de-ukulele\/\">Veja os professores<\/a><\/li>\n<\/ul>\n<h4><strong>Tabela de pre\u00e7os:<\/strong><\/h4>\n<table class=\"price-table\" cellspacing=\"0\" cellpadding=\"10\">\n<tbody>\n<tr>\n<td><strong>Matr\u00edcula:<\/strong><\/td>\n<td>\n<p class=\"show_enrol\" title=\"\" data-original-title=\"\"><a href=\"#popup-6a023e0aececc\" rel=\"prettyphoto\" class=\"popup-link\">Veja as op\u00e7\u00f5es<\/a><div id=\"popup-6a023e0aececc\" class=\"popup-content\"><div class=\"popup-inner\" ><\/p>\n<p style=\"font-weight: 400;\"><strong>R$\n113,00\t\n\n<?php<\/strong>\u00a0alunos at\u00e9 10 anos<\/p>\n<p style=\"font-weight: 400;\"><strong>R$\n198,00\n<?php<\/strong>\u00a0incluindo material did\u00e1tico do N\u00edvel I (Musicaliza\u00e7\u00e3o e Instrumento).<\/p>\n<p style=\"font-weight: 400;\"><em>O valor pode ser pago em 3 parcelas (cart\u00e3o de cr\u00e9dito).<\/em><\/p>\n<p class=\"show_enrol\" title=\"\" data-original-title=\"\"><small class=\"\">\u00a0<\/small><\/div><\/div>\n<\/p>\n<\/td>\n<\/tr>\n<tr>\n<td><strong>Mensalidade:<\/strong><\/td>\n<td>R$ \n506,00\t\n\n<?php<\/td>\n<\/tr>\n<\/tbody>\n<\/table>\n\n\n<div class=\"alert alert_warning\"><div class=\"alert_icon\"><i class=\"icon-lamp\"><\/i><\/div><div class=\"alert_wrapper\"><\/p>\n\n\n\n<p>Infra-estrutura: Salas com instrumentos, amplificadores , sistema de som e computador.&nbsp;As aulas pr\u00e1ticas de canto e instrumento s\u00e3o individuais.<\/p>\n\n\n\n<p><\/div><a href=\"#\" class=\"close\"><i class=\"icon-cancel\"><\/i><\/a><\/div>\n\n","protected":false},"excerpt":{"rendered":"<p>Ukulele \u00e9 um instrumento t\u00edpico havaiano e no idioma nativo quer dizer, \u201cpulga saltitante\u201d, por causa do movimento das m\u00e3os de quem o toca. Al\u00e9m de<span class=\"excerpt-hellip\"> [\u2026]<\/span><\/p>\n","protected":false},"author":1,"featured_media":0,"parent":0,"menu_order":0,"comment_status":"closed","ping_status":"closed","template":"","meta":[],"_links":{"self":[{"href":"https:\/\/escolaemp.com.br\/emp\/wp-json\/wp\/v2\/pages\/517"}],"collection":[{"href":"https:\/\/escolaemp.com.br\/emp\/wp-json\/wp\/v2\/pages"}],"about":[{"href":"https:\/\/escolaemp.com.br\/emp\/wp-json\/wp\/v2\/types\/page"}],"author":[{"embeddable":true,"href":"https:\/\/escolaemp.com.br\/emp\/wp-json\/wp\/v2\/users\/1"}],"replies":[{"embeddable":true,"href":"https:\/\/escolaemp.com.br\/emp\/wp-json\/wp\/v2\/comments?post=517"}],"version-history":[{"count":14,"href":"https:\/\/escolaemp.com.br\/emp\/wp-json\/wp\/v2\/pages\/517\/revisions"}],"predecessor-version":[{"id":3038,"href":"https:\/\/escolaemp.com.br\/emp\/wp-json\/wp\/v2\/pages\/517\/revisions\/3038"}],"wp:attachment":[{"href":"https:\/\/escolaemp.com.br\/emp\/wp-json\/wp\/v2\/media?parent=517"}],"curies":[{"name":"wp","href":"https:\/\/api.w.org\/{rel}","templated":true}]}}