{"id":513,"date":"2019-02-02T19:23:34","date_gmt":"2019-02-02T19:23:34","guid":{"rendered":"https:\/\/escolaemp.com.br\/emp\/?page_id=513"},"modified":"2026-01-07T20:32:46","modified_gmt":"2026-01-07T20:32:46","slug":"curso-de-canto-em-bh","status":"publish","type":"page","link":"https:\/\/escolaemp.com.br\/emp\/curso-de-canto-em-bh\/","title":{"rendered":"T\u00e9cnica Vocal e Canto Livre"},"content":{"rendered":"<p>O curso de canto da Escola EMP foi estruturado em 3 n\u00edveis, com a dura\u00e7\u00e3o m\u00ednima de 01 ano para cada n\u00edvel.<\/p>\n<p>Os t\u00f3picos abordados no curso de t\u00e9cnica vocal s\u00e3o: fisiologia da voz, repert\u00f3rio, imposta\u00e7\u00e3o, proje\u00e7\u00e3o e emiss\u00e3o vocal, timbre, extens\u00e3o tessitura, sa\u00fade vocal, treinamento f\u00edsico (vocalizes e exerc\u00edcios de respira\u00e7\u00e3o), habilidade de performance e de interpreta\u00e7\u00e3o.<br \/>\nNo curso canto livre \u00e9 estudado o repert\u00f3rio proposto pelo aluno e pelo professor e t\u00e9cnica vocal.<br \/>\nO curso \u00e9 dividido em quatro t\u00f3picos diferentes: t\u00e9cnica vocal, Musicaliza\u00e7\u00e3o, pr\u00e1tica em conjunto e grava\u00e7\u00e3o\/interpreta\u00e7\u00e3o (onde o aluno \u00e9 dirigido e aprende t\u00e9cnicas e dicas de edi\u00e7\u00e3o e interpreta\u00e7\u00e3o em um est\u00fadio), possibilitando ao m\u00fasico uma forma\u00e7\u00e3o completa e preparando-o para carreira solo ou em grupos musicais.<\/p>\n<p><strong>Divis\u00e3o das aulas:<\/strong><\/p>\n<p>\u2022 1 aula\/semana pr\u00e1tica de canto<\/p>\n<p>\u2022 Aulas de pr\u00e1tica em conjunto \u2192 <a href=\"https:\/\/escolaemp.com.br\/emp\/praticas-em-conjunto\/\">Consulte as aulas (*)<\/a><\/p>\n<p>\u2022 1 aula\/semana <a href=\"https:\/\/escolaemp.com.br\/emp\/musicalizacao-adulto\/\">musicaliza\u00e7\u00e3o<\/a> (teoria musical) (*)<\/p>\n<p>(*) Os cursos de musicaliza\u00e7\u00e3o e pr\u00e1ticas em conjunto s\u00e3o oferecidos\u00a0<u>gratuitamente<\/u>\u00a0a todos os alunos matriculados em cursos regulares da EMP. Indicados para alunos a partir de 12 anos.<\/p>\n<h4><strong>Tabela de pre\u00e7os:<\/strong><\/h4>\n<table class=\"price-table\" cellspacing=\"0\" cellpadding=\"10\">\n<tbody>\n<tr>\n<td><strong>Matr\u00edcula:<\/strong><\/td>\n<td>\n<p class=\"show_enrol\" title=\"\" data-original-title=\"\"><a href=\"#popup-6a09768acfe3b\" rel=\"prettyphoto\" class=\"popup-link\">Veja as op\u00e7\u00f5es<\/a><div id=\"popup-6a09768acfe3b\" class=\"popup-content\"><div class=\"popup-inner\" ><\/p>\n<p style=\"font-weight: 400;\"><strong>R$\n113,00\t\n\n<?php<\/strong>\u00a0alunos at\u00e9 10 anos<\/p>\n<p style=\"font-weight: 400;\"><strong>R$\n198,00\n<?php<\/strong>\u00a0incluindo material did\u00e1tico do N\u00edvel I (Musicaliza\u00e7\u00e3o e T\u00e9cnica Vocal).<\/p>\n<p style=\"font-weight: 400;\"><em>O valor pode ser pago em 3 parcelas (cart\u00e3o de cr\u00e9dito).<\/em><\/p>\n<p class=\"show_enrol\" title=\"\" data-original-title=\"\"><small class=\"\">\u00a0<\/small><\/div><\/div>\n<\/p>\n<\/td>\n<\/tr>\n<tr>\n<td><strong>Mensalidade:<\/strong><\/td>\n<td>R$ \n509,00\t\n\n<?php<\/td>\n<\/tr>\n<\/tbody>\n<\/table>\n<ul>\n<li><a href=\"https:\/\/escolaemp.com.br\/emp\/professores-de-tecnica-vocal-e-canto-livre\/\">Veja os professores<\/a><\/li>\n<\/ul>\n<p>Este curso tem material did\u00e1tico composto por apostila e \u00e1udio.<\/p>\n<hr \/>\n<p><strong>Pacote: Curso de canto + aulas de grava\u00e7\u00e3o e interpreta\u00e7\u00e3o<\/strong><\/p>\n<p>O aluno que optar por este curso, ter\u00e1 al\u00e9m das aulas do curso de canto,\u00a0mais 2 aulas de grava\u00e7\u00e3o e interpreta\u00e7\u00e3o mensais, cada uma com dura\u00e7\u00e3o de\u00a045 minutos.<\/p>\n<p>A aula de grava\u00e7\u00e3o e interpreta\u00e7\u00e3o acontece no est\u00fadio da escola, e trabalhar\u00e1 com o aluno t\u00f3picos relacionados \u00e0 interpreta\u00e7\u00e3o vocal em grava\u00e7\u00f5es, bem como dicas sobre grava\u00e7\u00e3o de vozes no est\u00fadio.<br \/>\nMinistrantes: Produtor Musical <a href=\"https:\/\/escolaemp.com.br\/emp\/portfolio-item\/sergio-dua\/\">S\u00e9rgio Du\u00e1<\/a> e o cantor <a href=\"https:\/\/escolaemp.com.br\/emp\/portfolio-item\/marcio-duraes\/\">M\u00e1rcio Dur\u00e3ess<\/a>.<\/p>\n<p>Valor da mensalidade: R$ \n870,00\t\n\n<?php.<\/p>\n","protected":false},"excerpt":{"rendered":"<p>O curso de canto da Escola EMP foi estruturado em 3 n\u00edveis, com a dura\u00e7\u00e3o m\u00ednima de 01 ano para cada n\u00edvel. Os t\u00f3picos abordados no<span class=\"excerpt-hellip\"> [\u2026]<\/span><\/p>\n","protected":false},"author":1,"featured_media":0,"parent":0,"menu_order":0,"comment_status":"closed","ping_status":"closed","template":"","meta":[],"_links":{"self":[{"href":"https:\/\/escolaemp.com.br\/emp\/wp-json\/wp\/v2\/pages\/513"}],"collection":[{"href":"https:\/\/escolaemp.com.br\/emp\/wp-json\/wp\/v2\/pages"}],"about":[{"href":"https:\/\/escolaemp.com.br\/emp\/wp-json\/wp\/v2\/types\/page"}],"author":[{"embeddable":true,"href":"https:\/\/escolaemp.com.br\/emp\/wp-json\/wp\/v2\/users\/1"}],"replies":[{"embeddable":true,"href":"https:\/\/escolaemp.com.br\/emp\/wp-json\/wp\/v2\/comments?post=513"}],"version-history":[{"count":15,"href":"https:\/\/escolaemp.com.br\/emp\/wp-json\/wp\/v2\/pages\/513\/revisions"}],"predecessor-version":[{"id":3036,"href":"https:\/\/escolaemp.com.br\/emp\/wp-json\/wp\/v2\/pages\/513\/revisions\/3036"}],"wp:attachment":[{"href":"https:\/\/escolaemp.com.br\/emp\/wp-json\/wp\/v2\/media?parent=513"}],"curies":[{"name":"wp","href":"https:\/\/api.w.org\/{rel}","templated":true}]}}