{"id":497,"date":"2019-02-02T18:48:11","date_gmt":"2019-02-02T18:48:11","guid":{"rendered":"https:\/\/escolaemp.com.br\/emp\/?page_id=497"},"modified":"2026-01-07T20:26:12","modified_gmt":"2026-01-07T20:26:12","slug":"guitarra","status":"publish","type":"page","link":"https:\/\/escolaemp.com.br\/emp\/guitarra\/","title":{"rendered":"Guitarra"},"content":{"rendered":"<p>O curso de guitarra da Escola EMP foi estruturado em 4 n\u00edveis, com a dura\u00e7\u00e3o m\u00ednima de 01 semestre para cada n\u00edvel. Os materiais did\u00e1ticos, compostos por apostilas e \u00e1udios, foram desenvolvidos por profissionais dedicados ao ensino da m\u00fasica, que tamb\u00e9m atuam como guitarristas dos principais cantores e bandas brasileiras: Nelson Faria, Rog\u00e9rio Delayon e Fernando Rodrigues.\u00a0Para cada n\u00edvel, foi criado uma apostila e \u00e1udio &#8220;play along&#8221;, contendo os exerc\u00edcios e as m\u00fasicas abordadas nas aulas.<\/p>\n<p>O curso \u00e9 dividido em tr\u00eas t\u00f3picos diferentes: instrumento, pr\u00e1tica em conjunto e percep\u00e7\u00e3o, que viabiliza uma forma\u00e7\u00e3o completa que prepara o aluno para o mercado de trabalho.<\/p>\n<p><strong>Divis\u00e3o das aulas:<\/strong><\/p>\n<ul>\n<li>1 aula\/ semana pr\u00e1tica do instrumento<\/li>\n<li>Aulas de pr\u00e1tica em conjunto \u2192 <a href=\"https:\/\/escolaemp.com.br\/emp\/praticas-em-conjunto\/\">Consulte as aulas (*)<\/a><\/li>\n<li>1 aula\/ semana <a href=\"https:\/\/escolaemp.com.br\/emp\/musicalizacao-adulto\/\">musicaliza\u00e7\u00e3o<\/a> (teoria musical ) (*)<\/li>\n<\/ul>\n<p>(*) Os cursos de musicaliza\u00e7\u00e3o e pr\u00e1ticas em conjunto s\u00e3o oferecidos\u00a0<u>gratuitamente<\/u>\u00a0a todos os alunos matriculados em cursos regulares da EMP. Indicados para alunos a partir de 12 anos.<\/p>\n<h4><strong>Tabela de pre\u00e7os:<\/strong><\/h4>\n<table class=\"price-table\" cellspacing=\"0\" cellpadding=\"10\">\n<tbody>\n<tr>\n<td><strong>Matr\u00edcula:<\/strong><\/td>\n<td>\n<p class=\"show_enrol\" title=\"\" data-original-title=\"\"><a href=\"#popup-69e0d8448a428\" rel=\"prettyphoto\" class=\"popup-link\">Veja as op\u00e7\u00f5es<\/a><div id=\"popup-69e0d8448a428\" class=\"popup-content\"><div class=\"popup-inner\" ><\/p>\n<p style=\"font-weight: 400;\"><strong>R$\n113,00\t\n\n<?php<\/strong> alunos at\u00e9 10 anos<\/p>\n<p style=\"font-weight: 400;\"><strong>R$\n198,00\n<?php<\/strong> incluindo material did\u00e1tico do N\u00edvel I (Musicaliza\u00e7\u00e3o e Instrumento).<\/p>\n<p style=\"font-weight: 400;\"><em>O valor pode ser pago em 3 parcelas (cart\u00e3o de cr\u00e9dito).<\/em><\/p>\n<p class=\"show_enrol\" title=\"\" data-original-title=\"\"><small class=\"\">\u00a0<\/small><\/div><\/div>\n<\/p>\n<\/td>\n<\/tr>\n<tr>\n<td><strong>Mensalidade:<\/strong><\/td>\n<td>R$ \n506,00\t\n\n<?php<\/td>\n<\/tr>\n<\/tbody>\n<\/table>\n<ul>\n<li><a href=\"https:\/\/escolaemp.com.br\/emp\/professores-de-guitarra\/\">Veja os professores<\/a><\/li>\n<\/ul>\n<ul>\n<li>Este curso tem material did\u00e1tico composto por apostila e \u00e1udio.<\/li>\n<\/ul>\n<div class=\"alert alert_warning\"><div class=\"alert_icon\"><i class=\"icon-lamp\"><\/i><\/div><div class=\"alert_wrapper\"><\/p>\n<p><strong>Infra-estrutura:<\/strong> Salas com instrumentos, amplificadores , sistema de som e computador.\u00a0<u><\/u><u><\/u>As aulas pr\u00e1ticas de canto e instrumento s\u00e3o individuais.<\/p>\n<p><\/div><a href=\"#\" class=\"close\"><i class=\"icon-cancel\"><\/i><\/a><\/div>\n\n","protected":false},"excerpt":{"rendered":"<p>O curso de guitarra da Escola EMP foi estruturado em 4 n\u00edveis, com a dura\u00e7\u00e3o m\u00ednima de 01 semestre para cada n\u00edvel. Os materiais did\u00e1ticos, compostos<span class=\"excerpt-hellip\"> [\u2026]<\/span><\/p>\n","protected":false},"author":1,"featured_media":0,"parent":0,"menu_order":0,"comment_status":"closed","ping_status":"closed","template":"","meta":[],"_links":{"self":[{"href":"https:\/\/escolaemp.com.br\/emp\/wp-json\/wp\/v2\/pages\/497"}],"collection":[{"href":"https:\/\/escolaemp.com.br\/emp\/wp-json\/wp\/v2\/pages"}],"about":[{"href":"https:\/\/escolaemp.com.br\/emp\/wp-json\/wp\/v2\/types\/page"}],"author":[{"embeddable":true,"href":"https:\/\/escolaemp.com.br\/emp\/wp-json\/wp\/v2\/users\/1"}],"replies":[{"embeddable":true,"href":"https:\/\/escolaemp.com.br\/emp\/wp-json\/wp\/v2\/comments?post=497"}],"version-history":[{"count":17,"href":"https:\/\/escolaemp.com.br\/emp\/wp-json\/wp\/v2\/pages\/497\/revisions"}],"predecessor-version":[{"id":3027,"href":"https:\/\/escolaemp.com.br\/emp\/wp-json\/wp\/v2\/pages\/497\/revisions\/3027"}],"wp:attachment":[{"href":"https:\/\/escolaemp.com.br\/emp\/wp-json\/wp\/v2\/media?parent=497"}],"curies":[{"name":"wp","href":"https:\/\/api.w.org\/{rel}","templated":true}]}}