{"id":495,"date":"2019-02-02T18:46:28","date_gmt":"2019-02-02T18:46:28","guid":{"rendered":"https:\/\/escolaemp.com.br\/emp\/?page_id=495"},"modified":"2026-01-07T20:28:48","modified_gmt":"2026-01-07T20:28:48","slug":"gaita","status":"publish","type":"page","link":"https:\/\/escolaemp.com.br\/emp\/gaita\/","title":{"rendered":"Gaita"},"content":{"rendered":"<p>O curso de gaita da Escola EMP \u00e9 dividido em tr\u00eas t\u00f3picos diferentes: instrumento, pr\u00e1tica em conjunto e percep\u00e7\u00e3o, que viabiliza uma forma\u00e7\u00e3o completa que prepara o aluno para o mercado de trabalho.<u><\/u><u><\/u><\/p>\n<p>O curso \u00e9 apostilado.<\/p>\n<p><strong>Divis\u00e3o das aulas:<\/strong><\/p>\n<ul>\n<li>1 aula\/ semana pr\u00e1tica do instrumento. Aula individual e presencial.<\/li>\n<li>1 aula\/ semana <a href=\"https:\/\/escolaemp.com.br\/emp\/musicalizacao-adulto\/\">musicaliza\u00e7\u00e3o<\/a> (teoria musical) (*)<\/li>\n<li>\n<p class=\"show_enrol\" title=\"\" data-original-title=\"\">Aulas de pr\u00e1tica em conjunto \u2192 <a href=\"https:\/\/escolaemp.com.br\/emp\/praticas-em-conjunto\/\">Consulte as aulas (*)<\/a><\/p>\n<\/li>\n<\/ul>\n<p>(*) Os cursos de musicaliza\u00e7\u00e3o e pr\u00e1ticas em conjunto s\u00e3o oferecidos\u00a0<u>gratuitamente<\/u>\u00a0a todos os alunos matriculados em cursos regulares da EMP. Indicados para alunos a partir de 12 anos.<\/p>\n<p><span class=\"Apple-style-span\">T\u00f3picos abordados:<\/span><\/p>\n<p>Embocadura de bico, respira\u00e7\u00e3o, treinamentos de articula\u00e7\u00e3o, primeiras can\u00e7\u00f5es (g\u00eaneros variados), bends, riffs, 12 posi\u00e7\u00f5es, escalas, improvisa\u00e7\u00e3o, novas can\u00e7\u00f5es (g\u00eaneros variados), Tongue Block e o Blues tradicional.<\/p>\n<h4><strong>Tabela de pre\u00e7os:<\/strong><\/h4>\n<table class=\"price-table\" cellspacing=\"0\" cellpadding=\"10\">\n<tbody>\n<tr>\n<td><strong>Matr\u00edcula:<\/strong><\/td>\n<td>\n<p class=\"show_enrol\" title=\"\" data-original-title=\"\"><a href=\"#popup-69e167791b533\" rel=\"prettyphoto\" class=\"popup-link\">Veja as op\u00e7\u00f5es<\/a><div id=\"popup-69e167791b533\" class=\"popup-content\"><div class=\"popup-inner\" ><\/p>\n<p style=\"font-weight: 400;\">\n<b>R$ 102,00<\/b>\u00a0incluindo material did\u00e1tico do N\u00edvel I.\n<?php<\/p>\n<p style=\"font-weight: 400;\">\n<p class=\"show_enrol\" title=\"\" data-original-title=\"\"><small class=\"\">\u00a0<\/small><\/div><\/div>\n<\/p>\n<\/td>\n<\/tr>\n<tr>\n<td><strong>Mensalidade:<\/strong><\/td>\n<td>R$\n618,00\t\n\n<?php<\/td>\n<\/tr>\n<\/tbody>\n<\/table>\n<ul>\n<li><a href=\"https:\/\/escolaemp.com.br\/emp\/professores-de-gaita\/\">Veja os professores<\/a><\/li>\n<\/ul>\n","protected":false},"excerpt":{"rendered":"<p>O curso de gaita da Escola EMP \u00e9 dividido em tr\u00eas t\u00f3picos diferentes: instrumento, pr\u00e1tica em conjunto e percep\u00e7\u00e3o, que viabiliza uma forma\u00e7\u00e3o completa que prepara<span class=\"excerpt-hellip\"> [\u2026]<\/span><\/p>\n","protected":false},"author":1,"featured_media":0,"parent":0,"menu_order":0,"comment_status":"closed","ping_status":"closed","template":"","meta":[],"_links":{"self":[{"href":"https:\/\/escolaemp.com.br\/emp\/wp-json\/wp\/v2\/pages\/495"}],"collection":[{"href":"https:\/\/escolaemp.com.br\/emp\/wp-json\/wp\/v2\/pages"}],"about":[{"href":"https:\/\/escolaemp.com.br\/emp\/wp-json\/wp\/v2\/types\/page"}],"author":[{"embeddable":true,"href":"https:\/\/escolaemp.com.br\/emp\/wp-json\/wp\/v2\/users\/1"}],"replies":[{"embeddable":true,"href":"https:\/\/escolaemp.com.br\/emp\/wp-json\/wp\/v2\/comments?post=495"}],"version-history":[{"count":17,"href":"https:\/\/escolaemp.com.br\/emp\/wp-json\/wp\/v2\/pages\/495\/revisions"}],"predecessor-version":[{"id":3029,"href":"https:\/\/escolaemp.com.br\/emp\/wp-json\/wp\/v2\/pages\/495\/revisions\/3029"}],"wp:attachment":[{"href":"https:\/\/escolaemp.com.br\/emp\/wp-json\/wp\/v2\/media?parent=495"}],"curies":[{"name":"wp","href":"https:\/\/api.w.org\/{rel}","templated":true}]}}