{"id":493,"date":"2019-02-02T18:45:26","date_gmt":"2019-02-02T18:45:26","guid":{"rendered":"https:\/\/escolaemp.com.br\/emp\/?page_id=493"},"modified":"2026-02-23T18:33:08","modified_gmt":"2026-02-23T18:33:08","slug":"flauta","status":"publish","type":"page","link":"https:\/\/escolaemp.com.br\/emp\/flauta\/","title":{"rendered":"Flauta"},"content":{"rendered":"<p>O curso de flauta da Escola EMP foi estruturado em 4 n\u00edveis, com a dura\u00e7\u00e3o m\u00ednima de 01 semestre para cada n\u00edvel.<br \/>\nA metodologia do curso foi desenvolvida por profissionais dedicados ao ensino da m\u00fasica, que tamb\u00e9m atuam como instrumentistas dos principais cantores e bandas brasileiras como Vin\u00edcius Augustus e Chico Bastos.<\/p>\n<p>O curso \u00e9 dividido em tr\u00eas t\u00f3picos diferentes: instrumento, pr\u00e1tica em conjunto e percep\u00e7\u00e3o, que viabiliza uma forma\u00e7\u00e3o completa que prepara o aluno para o mercado de trabalho.<\/p>\n<p>O repert\u00f3rio trabalhado nas aulas do instrumento pode ser executado em grupos nas aulas de pr\u00e1tica em conjunto jazz\/MPB, possibilitando ao aluno interagir com outros instrumentistas.<\/p>\n<p>Divis\u00e3o das aulas:<\/p>\n<ul>\n<li>1 aula\/semana: pr\u00e1tica do instrumento<\/li>\n<li>Aulas de pr\u00e1tica em conjunto \u2192 <a href=\"https:\/\/escolaemp.com.br\/emp\/praticas-em-conjunto\/\">Consulte as aulas (*)<\/a><\/li>\n<li>\u00a01 aula\/semana <a href=\"https:\/\/escolaemp.com.br\/emp\/musicalizacao-adulto\/\">musicaliza\u00e7\u00e3o<\/a> (teoria musical) (*)<\/li>\n<\/ul>\n<p>(*) Os cursos de musicaliza\u00e7\u00e3o e pr\u00e1ticas em conjunto s\u00e3o oferecidos\u00a0<u>gratuitamente<\/u>\u00a0a todos os alunos matriculados em cursos regulares da EMP. Indicados para alunos a partir de 12 anos.<\/p>\n<h4><strong>Tabela de pre\u00e7os:<\/strong><\/h4>\n<table class=\"price-table\" cellspacing=\"0\" cellpadding=\"10\">\n<tbody>\n<tr>\n<td><strong>Matr\u00edcula:<\/strong><\/td>\n<td>\n<p class=\"show_enrol\" title=\"\" data-original-title=\"\"><a href=\"#popup-6a09d8ff6c63d\" rel=\"prettyphoto\" class=\"popup-link\">Veja as op\u00e7\u00f5es<\/a><div id=\"popup-6a09d8ff6c63d\" class=\"popup-content\"><div class=\"popup-inner\" ><\/p>\n<p style=\"font-weight: 400;\"><strong>R$\n113,00\t\n\n<?php<\/strong> alunos at\u00e9 10 anos<\/p>\n<p style=\"font-weight: 400;\"><strong>\n198,00\n<?php<\/strong> incluindo material did\u00e1tico do N\u00edvel I (Musicaliza\u00e7\u00e3o e Instrumento).<\/p>\n<p style=\"font-weight: 400;\"><em>O valor pode ser pago em 3 parcelas (cart\u00e3o de cr\u00e9dito).<\/em><\/p>\n<p class=\"show_enrol\" title=\"\" data-original-title=\"\"><small class=\"\">\u00a0<\/small><\/div><\/div>\n<\/p>\n<div id=\"popover899372\" class=\"popover fade top\" role=\"tooltip\">\n<div class=\"arrow\"><\/div>\n<\/div>\n<\/td>\n<\/tr>\n<tr>\n<td><strong>Mensalidade:<\/strong><\/td>\n<td>R$ \n544,00\t\n\n<?php<\/td>\n<\/tr>\n<\/tbody>\n<\/table>\n<h4>Professor:<\/h4>\n<p><strong>Flauta Transversal e Flauta Doce<\/strong><\/p>\n<p><a href=\"https:\/\/escolaemp.com.br\/emp\/portfolio-item\/leandro-skald\/\">Leandro Skald<\/a><\/p>\n<hr class=\"no_line\" style=\"margin: 0 auto 50px;\"\/>\n\n","protected":false},"excerpt":{"rendered":"<p>O curso de flauta da Escola EMP foi estruturado em 4 n\u00edveis, com a dura\u00e7\u00e3o m\u00ednima de 01 semestre para cada n\u00edvel. A metodologia do curso<span class=\"excerpt-hellip\"> [\u2026]<\/span><\/p>\n","protected":false},"author":1,"featured_media":0,"parent":0,"menu_order":0,"comment_status":"closed","ping_status":"closed","template":"","meta":[],"_links":{"self":[{"href":"https:\/\/escolaemp.com.br\/emp\/wp-json\/wp\/v2\/pages\/493"}],"collection":[{"href":"https:\/\/escolaemp.com.br\/emp\/wp-json\/wp\/v2\/pages"}],"about":[{"href":"https:\/\/escolaemp.com.br\/emp\/wp-json\/wp\/v2\/types\/page"}],"author":[{"embeddable":true,"href":"https:\/\/escolaemp.com.br\/emp\/wp-json\/wp\/v2\/users\/1"}],"replies":[{"embeddable":true,"href":"https:\/\/escolaemp.com.br\/emp\/wp-json\/wp\/v2\/comments?post=493"}],"version-history":[{"count":22,"href":"https:\/\/escolaemp.com.br\/emp\/wp-json\/wp\/v2\/pages\/493\/revisions"}],"predecessor-version":[{"id":3071,"href":"https:\/\/escolaemp.com.br\/emp\/wp-json\/wp\/v2\/pages\/493\/revisions\/3071"}],"wp:attachment":[{"href":"https:\/\/escolaemp.com.br\/emp\/wp-json\/wp\/v2\/media?parent=493"}],"curies":[{"name":"wp","href":"https:\/\/api.w.org\/{rel}","templated":true}]}}