{"id":491,"date":"2019-02-02T18:43:39","date_gmt":"2019-02-02T18:43:39","guid":{"rendered":"https:\/\/escolaemp.com.br\/emp\/?page_id=491"},"modified":"2022-12-06T21:50:49","modified_gmt":"2022-12-06T21:50:49","slug":"cursos-de-dj","status":"publish","type":"page","link":"https:\/\/escolaemp.com.br\/emp\/cursos-de-dj\/","title":{"rendered":"Cursos de DJ"},"content":{"rendered":"<h3><strong>1 &#8211; Curso intensivo individual para iniciantes\u00a0<\/strong><\/h3>\n<p>&nbsp;<\/p>\n<p><strong>In\u00edcio<\/strong>\u00a0: \u00e0 combinar<\/p>\n<p><strong>Dia e Hor\u00e1rio:<\/strong>personalizado \u00e0s necessidades do aluno<\/p>\n<p><strong>Investimento:<\/strong> \n2.284,00\t\n\n<?php<\/p>\n<p><strong>Pr\u00e9-requisito<\/strong>\u00a0: nenhum<\/p>\n<table border=\"0\" width=\"360\" cellspacing=\"0\" cellpadding=\"0\">\n<tbody>\n<tr>\n<td valign=\"top\" width=\"241\"><strong>T\u00f3picos<\/strong><\/td>\n<td valign=\"top\" width=\"119\">\n<p align=\"center\"><strong>Carga hor\u00e1ria<\/strong><\/p>\n<\/td>\n<\/tr>\n<tr>\n<td valign=\"top\" width=\"241\">Conhecendo a hist\u00f3ria<\/td>\n<td valign=\"top\" width=\"119\">\n<p align=\"center\">1:00<\/p>\n<\/td>\n<\/tr>\n<tr>\n<td valign=\"top\" width=\"241\">Apresenta\u00e7\u00e3o dos equipamentos<\/td>\n<td valign=\"top\" width=\"119\">\n<p align=\"center\">2:00<\/p>\n<\/td>\n<\/tr>\n<tr>\n<td valign=\"top\" width=\"241\">Fun\u00e7\u00f5es dos equipamentos<\/td>\n<td valign=\"top\" width=\"119\">\n<p align=\"center\">2:00<\/p>\n<\/td>\n<\/tr>\n<tr>\n<td valign=\"top\" width=\"241\">Tempo, BPM, Swing , 8tava<\/td>\n<td valign=\"top\" width=\"119\">\n<p align=\"center\">2:00<\/p>\n<\/td>\n<\/tr>\n<tr>\n<td valign=\"top\" width=\"241\">Grave, M\u00e9dio, Agudo, Tipos e Qualidade de arquivos de \u00e1udio<\/td>\n<td valign=\"top\" width=\"119\">\n<p align=\"center\">2:00<\/p>\n<\/td>\n<\/tr>\n<tr>\n<td valign=\"top\" width=\"241\">Aula pr\u00e1tica<\/td>\n<td valign=\"top\" width=\"119\">\n<p align=\"center\">5:00<\/p>\n<\/td>\n<\/tr>\n<tr>\n<td valign=\"top\" width=\"241\"><strong>Total Horas<\/strong><\/td>\n<td valign=\"top\" width=\"119\">\n<p align=\"center\">14:00<\/p>\n<\/td>\n<\/tr>\n<\/tbody>\n<\/table>\n<hr \/>\n<p><!--\n&nbsp;\n\n\n<h3><strong>2 - Curso intensivo particular (M\u00f3dulo II)<\/strong><\/h3>\n\n\n&nbsp;\n\n<strong>In\u00edcio<\/strong>\u00a0: A combinar\n\n<strong>Dia e Hor\u00e1rio:\u00a0<\/strong>A combinar\n\n<strong>Investimento:<\/strong>\u00a0R$1.872,00 \u00e0 vista ou R$ 2.080,00 (2 parcelas de R$1.040,00 - sendo a primeira no ato da matr\u00edcula e a outra para 30 dias).\n\n<strong>Pr\u00e9-requisito<\/strong>\u00a0: ter feito o m\u00f3dulo I\n\n\n<table border=\"0\" width=\"294\" cellspacing=\"0\" cellpadding=\"0\">\n\n\n<tbody>\n\n\n<tr>\n\n\n<td valign=\"top\" width=\"171\"><strong>T\u00f3picos<\/strong><\/td>\n\n\n\n\n<td valign=\"top\" width=\"123\">\n\n\n<p align=\"center\"><strong>Carga hor\u00e1ria<\/strong><\/p>\n\n\n<\/td>\n\n\n<\/tr>\n\n\n\n\n<tr>\n\n\n<td valign=\"top\" width=\"171\">Mixagem<\/td>\n\n\n\n\n<td valign=\"top\" width=\"123\">\n\n\n<p align=\"center\">2:00<\/p>\n\n\n<\/td>\n\n\n<\/tr>\n\n\n\n\n<tr>\n\n\n<td valign=\"top\" width=\"171\">Scratchs, Batidas, efeitos, samplers<\/td>\n\n\n\n\n<td valign=\"top\" width=\"123\">\n\n\n<p align=\"center\">4:00<\/p>\n\n\n<\/td>\n\n\n<\/tr>\n\n\n\n\n<tr>\n\n\n<td valign=\"top\" width=\"171\">T\u00e9cnicas de scratchs 1<\/td>\n\n\n\n\n<td valign=\"top\" width=\"123\">\n\n\n<p align=\"center\">2:00<\/p>\n\n\n<\/td>\n\n\n<\/tr>\n\n\n\n\n<tr>\n\n\n<td valign=\"top\" width=\"171\">T\u00e9cnicas de scratchs 2<\/td>\n\n\n\n\n<td valign=\"top\" width=\"123\">\n\n\n<p align=\"center\">2:00<\/p>\n\n\n<\/td>\n\n\n<\/tr>\n\n\n\n\n<tr>\n\n\n<td valign=\"top\" width=\"171\">Scratch pr\u00e1tica<\/td>\n\n\n\n\n<td valign=\"top\" width=\"123\">\n\n\n<p align=\"center\">2:00<\/p>\n\n\n<\/td>\n\n\n<\/tr>\n\n\n\n\n<tr>\n\n\n<td valign=\"top\" width=\"171\">Batidas<\/td>\n\n\n\n\n<td valign=\"top\" width=\"123\">\n\n\n<p align=\"center\">2:00<\/p>\n\n\n<\/td>\n\n\n<\/tr>\n\n\n\n\n<tr>\n\n\n<td valign=\"top\" width=\"171\">Back to Back<\/td>\n\n\n\n\n<td valign=\"top\" width=\"123\">\n\n\n<p align=\"center\">2:00<\/p>\n\n\n<\/td>\n\n\n<\/tr>\n\n\n\n\n<tr>\n\n\n<td valign=\"top\" width=\"171\">Aula Pratica<\/td>\n\n\n\n\n<td valign=\"top\" width=\"123\">\n\n\n<p align=\"center\">8:00<\/p>\n\n\n<\/td>\n\n\n<\/tr>\n\n\n\n\n<tr>\n\n\n<td valign=\"top\" width=\"171\">Apresenta\u00e7\u00e3o<\/td>\n\n\n\n\n<td valign=\"top\" width=\"123\"><\/td>\n\n\n<\/tr>\n\n\n\n\n<tr>\n\n\n<td valign=\"top\" width=\"171\"><strong>Total Horas<\/strong><\/td>\n\n\n\n\n<td valign=\"top\" width=\"123\">\n\n\n<p align=\"center\">24:00<\/p>\n\n\n<\/td>\n\n\n<\/tr>\n\n\n<\/tbody>\n\n\n<\/table>\n\n\n&nbsp;\n\n\n\n<hr \/>\n\n\n\n--><br \/>\n<strong>Equipamentos usados nos cursos:<\/strong><\/p>\n<p>As ferramentas utilizadas s\u00e3o de \u00faltima tecnologia e o aluno praticar\u00e1 no desenvolvimento do curso com aparelhagem<\/p>\n<p>&nbsp;<\/p>\n<p><a href=\"https:\/\/escolaemp.com.br\/emp\/professores-de-curso-de-dj\/\">Veja os professores<\/a>.<\/p>\n","protected":false},"excerpt":{"rendered":"<p>1 &#8211; Curso intensivo individual para iniciantes\u00a0 &nbsp; In\u00edcio\u00a0: \u00e0 combinar Dia e Hor\u00e1rio:personalizado \u00e0s necessidades do aluno Investimento: Pr\u00e9-requisito\u00a0: nenhum T\u00f3picos Carga hor\u00e1ria Conhecendo a<span class=\"excerpt-hellip\"> [\u2026]<\/span><\/p>\n","protected":false},"author":1,"featured_media":0,"parent":0,"menu_order":0,"comment_status":"closed","ping_status":"closed","template":"","meta":[],"_links":{"self":[{"href":"https:\/\/escolaemp.com.br\/emp\/wp-json\/wp\/v2\/pages\/491"}],"collection":[{"href":"https:\/\/escolaemp.com.br\/emp\/wp-json\/wp\/v2\/pages"}],"about":[{"href":"https:\/\/escolaemp.com.br\/emp\/wp-json\/wp\/v2\/types\/page"}],"author":[{"embeddable":true,"href":"https:\/\/escolaemp.com.br\/emp\/wp-json\/wp\/v2\/users\/1"}],"replies":[{"embeddable":true,"href":"https:\/\/escolaemp.com.br\/emp\/wp-json\/wp\/v2\/comments?post=491"}],"version-history":[{"count":14,"href":"https:\/\/escolaemp.com.br\/emp\/wp-json\/wp\/v2\/pages\/491\/revisions"}],"predecessor-version":[{"id":2137,"href":"https:\/\/escolaemp.com.br\/emp\/wp-json\/wp\/v2\/pages\/491\/revisions\/2137"}],"wp:attachment":[{"href":"https:\/\/escolaemp.com.br\/emp\/wp-json\/wp\/v2\/media?parent=491"}],"curies":[{"name":"wp","href":"https:\/\/api.w.org\/{rel}","templated":true}]}}