{"id":478,"date":"2019-02-02T18:24:44","date_gmt":"2019-02-02T18:24:44","guid":{"rendered":"https:\/\/escolaemp.com.br\/emp\/?page_id=478"},"modified":"2026-01-07T20:22:14","modified_gmt":"2026-01-07T20:22:14","slug":"bateria","status":"publish","type":"page","link":"https:\/\/escolaemp.com.br\/emp\/bateria\/","title":{"rendered":"Bateria"},"content":{"rendered":"<p>O curso de bateria da Escola EMP foi estruturado em 4 n\u00edveis, com a dura\u00e7\u00e3o m\u00ednima de 01 semestre para cada n\u00edvel. Os materiais did\u00e1ticos, compostos por apostilas e \u00e1udios, foram desenvolvidos por bateristas dedicados ao ensino da m\u00fasica, que tamb\u00e9m atuam com alguns dos principais cantores e bandas brasileiras: Jean Dolabella (Ex-Sepultura) e Adriano Trindade (Baby Consuelo. Em\u00edlio Santiago e Hiran Bullock). Para cada n\u00edvel foi criada uma apostila, contendo os exerc\u00edcios e as m\u00fasicas abordados nas aulas.<\/p>\n<p>O curso \u00e9 dividido em tr\u00eas t\u00f3picos diferentes: instrumento, pr\u00e1tica em conjunto e percep\u00e7\u00e3o, que viabiliza uma forma\u00e7\u00e3o completa que prepara o aluno para o mercado de trabalho.<\/p>\n<p>Divis\u00e3o das aulas:<\/p>\n<ul>\n<li>1 aula\/ semana pr\u00e1tica do instrumento<\/li>\n<li>Aulas de pr\u00e1tica em conjunto \u2192 <a href=\"https:\/\/escolaemp.com.br\/emp\/praticas-em-conjunto\/\">Consulte as aulas (*)<\/a><\/li>\n<li>1 aula\/semana <a href=\"https:\/\/escolaemp.com.br\/emp\/musicalizacao-adulto\/\">musicaliza\u00e7\u00e3o<\/a> (teoria musical) (*)<\/li>\n<\/ul>\n<p>(*) Os cursos de musicaliza\u00e7\u00e3o e pr\u00e1ticas em conjunto s\u00e3o oferecidos\u00a0<u>gratuitamente<\/u>\u00a0a todos os alunos matriculados em cursos regulares da EMP. Indicados para alunos a partir de 12 anos.<\/p>\n<h4><strong>Tabela de pre\u00e7os:<\/strong><\/h4>\n<table class=\"price-table\" cellspacing=\"0\" cellpadding=\"10\">\n<tbody>\n<tr>\n<td><strong>Matr\u00edcula:<\/strong><\/td>\n<td>\n<p class=\"show_enrol\" title=\"\" data-original-title=\"\"><a href=\"#popup-69e15f7904174\" rel=\"prettyphoto\" class=\"popup-link\">Veja as op\u00e7\u00f5es<\/a><div id=\"popup-69e15f7904174\" class=\"popup-content\"><div class=\"popup-inner\" ><\/p>\n<p style=\"font-weight: 400;\"><strong>R$\n113,00\t\n\n<?php<\/strong> alunos at\u00e9 10 anos<\/p>\n<p style=\"font-weight: 400;\"><strong>R$\n198,00\n<?php<\/strong> incluindo material did\u00e1tico do N\u00edvel I (Musicaliza\u00e7\u00e3o e Instrumento).<\/p>\n<p style=\"font-weight: 400;\"><em>O valor pode ser pago em 3 parcelas (cart\u00e3o de cr\u00e9dito).<\/em><\/p>\n<p class=\"show_enrol\" title=\"\" data-original-title=\"\"><small class=\"\">\u00a0<\/small><\/div><\/div>\n<\/p>\n<\/td>\n<\/tr>\n<tr>\n<td><strong>Mensalidade:<\/strong><\/td>\n<td>R$ \n508,00\t\n\n<?php<\/td>\n<\/tr>\n<\/tbody>\n<\/table>\n<ul>\n<li><a href=\"https:\/\/escolaemp.com.br\/emp\/professores-de-bateria\/\">Veja os professores<\/a><\/li>\n<\/ul>\n<p>Este curso tem material did\u00e1tico composto por apostila e \u00e1udio.<\/p>\n","protected":false},"excerpt":{"rendered":"<p>O curso de bateria da Escola EMP foi estruturado em 4 n\u00edveis, com a dura\u00e7\u00e3o m\u00ednima de 01 semestre para cada n\u00edvel. Os materiais did\u00e1ticos, compostos<span class=\"excerpt-hellip\"> [\u2026]<\/span><\/p>\n","protected":false},"author":1,"featured_media":0,"parent":0,"menu_order":0,"comment_status":"closed","ping_status":"closed","template":"","meta":[],"_links":{"self":[{"href":"https:\/\/escolaemp.com.br\/emp\/wp-json\/wp\/v2\/pages\/478"}],"collection":[{"href":"https:\/\/escolaemp.com.br\/emp\/wp-json\/wp\/v2\/pages"}],"about":[{"href":"https:\/\/escolaemp.com.br\/emp\/wp-json\/wp\/v2\/types\/page"}],"author":[{"embeddable":true,"href":"https:\/\/escolaemp.com.br\/emp\/wp-json\/wp\/v2\/users\/1"}],"replies":[{"embeddable":true,"href":"https:\/\/escolaemp.com.br\/emp\/wp-json\/wp\/v2\/comments?post=478"}],"version-history":[{"count":17,"href":"https:\/\/escolaemp.com.br\/emp\/wp-json\/wp\/v2\/pages\/478\/revisions"}],"predecessor-version":[{"id":3024,"href":"https:\/\/escolaemp.com.br\/emp\/wp-json\/wp\/v2\/pages\/478\/revisions\/3024"}],"wp:attachment":[{"href":"https:\/\/escolaemp.com.br\/emp\/wp-json\/wp\/v2\/media?parent=478"}],"curies":[{"name":"wp","href":"https:\/\/api.w.org\/{rel}","templated":true}]}}