{"id":2781,"date":"2025-03-19T22:14:12","date_gmt":"2025-03-19T22:14:12","guid":{"rendered":"https:\/\/escolaemp.com.br\/emp\/?page_id=2781"},"modified":"2026-01-07T20:34:57","modified_gmt":"2026-01-07T20:34:57","slug":"violoncelo","status":"publish","type":"page","link":"https:\/\/escolaemp.com.br\/emp\/violoncelo\/","title":{"rendered":"Violoncelo"},"content":{"rendered":"<p style=\"font-weight: 400;\">O curso de violoncelo da Escola EMP oferece uma introdu\u00e7\u00e3o ao instrumento, abordando sua hist\u00f3ria, t\u00e9cnica e forma de manuseio. O aluno aprender\u00e1 os primeiros contatos com o arco e o violoncelo, desenvolvendo postura e posicionamento corretos. Al\u00e9m disso, ter\u00e1 uma inicia\u00e7\u00e3o \u00e0 leitura de partituras e \u00e0 escrita musical espec\u00edfica para o instrumento, junto \u00e0 pr\u00e1tica dos primeiros sons.<\/p>\n<p style=\"font-weight: 400;\">No in\u00edcio do curso, o estudante aprender\u00e1 o detach\u00e9, um dos golpes de arco fundamentais, e as digita\u00e7\u00f5es b\u00e1sicas para a primeira posi\u00e7\u00e3o no bra\u00e7o do violoncelo. Com o avan\u00e7o das aulas, trabalharemos o amadurecimento da sonoridade atrav\u00e9s de pe\u00e7as musicais, al\u00e9m de introduzir novas t\u00e9cnicas como a produ\u00e7\u00e3o de escalas na primeira posi\u00e7\u00e3o. Ao final de um semestre, j\u00e1 ser\u00e1 poss\u00edvel participar de atividades de m\u00fasica de c\u00e2mara, como duetos.<\/p>\n<p style=\"font-weight: 400;\">Cada aula inicia-se com uma revis\u00e3o dos conte\u00fados assimilados anteriormente, permitindo ao aluno consolidar seus conhecimentos e progredir com seguran\u00e7a no estudo do instrumento. Conforme avan\u00e7a, desenvolver\u00e1 autonomia t\u00e9cnica e interpretativa para tocar m\u00fasicas de seu interesse.<\/p>\n<p style=\"font-weight: 400;\">O curso \u00e9 estruturado em tr\u00eas eixos principais: instrumento, pr\u00e1tica em conjunto e musicaliza\u00e7\u00e3o, proporcionando uma forma\u00e7\u00e3o completa e preparando o m\u00fasico para atuar profissionalmente.<\/p>\n<ul>\n<li><strong>Divis\u00e3o das aulas:<\/strong><\/li>\n<li>1 aula semanal de pr\u00e1tica instrumental<\/li>\n<li>Aulas de pr\u00e1tica em conjunto\u00a0 \u2192 <a href=\"https:\/\/escolaemp.com.br\/emp\/praticas-em-conjunto\/\">Consulte as aulas (*)<\/a><\/li>\n<li>1 aula\/ semana <a href=\"https:\/\/escolaemp.com.br\/emp\/musicalizacao-adulto\/\">musicaliza\u00e7\u00e3o<\/a> (teoria musical) (*)<\/li>\n<\/ul>\n<p>(*) Os cursos de musicaliza\u00e7\u00e3o e pr\u00e1ticas em conjunto s\u00e3o oferecidos\u00a0<u>gratuitamente<\/u>\u00a0a todos os alunos matriculados em cursos regulares da EMP. Indicados para alunos a partir de 12 anos.<\/p>\n<table class=\"price-table\" cellspacing=\"0\" cellpadding=\"0\">\n<tbody>\n<tr>\n<td>Matr\u00edcula:<\/td>\n<td>\n<p class=\"show_enrol\" title=\"\" data-original-title=\"\"><a href=\"#popup-69f008e9ece41\" rel=\"prettyphoto\" class=\"popup-link\">Veja as op\u00e7\u00f5es<\/a><div id=\"popup-69f008e9ece41\" class=\"popup-content\"><div class=\"popup-inner\" ><\/p>\n<p style=\"font-weight: 400;\"><strong>R$\n113,00\t\n\n<?php<\/strong>\u00a0alunos at\u00e9 10 anos<\/p>\n<p style=\"font-weight: 400;\"><strong>R$\n198,00\n<?php<\/strong>\u00a0incluindo material did\u00e1tico do N\u00edvel I (Musicaliza\u00e7\u00e3o e Instrumento).<\/p>\n<p style=\"font-weight: 400;\"><em>O valor pode ser pago em 3 parcelas (cart\u00e3o de cr\u00e9dito).<\/em><\/p>\n<p class=\"show_enrol\" title=\"\" data-original-title=\"\"><small class=\"\">\u00a0<\/small><\/div><\/div>\n<\/p>\n<\/td>\n<\/tr>\n<tr>\n<td>Mensalidade:<\/td>\n<td>R$ \n571,00\t\n\n<?php<\/td>\n<\/tr>\n<\/tbody>\n<\/table>\n<p><a href=\"https:\/\/escolaemp.com.br\/emp\/professores-de-violoncelo\/\"><strong>Conhe\u00e7a os professores<\/strong><\/a><\/p>\n<div class=\"alert alert_warning\"><div class=\"alert_icon\"><i class=\"icon-lamp\"><\/i><\/div><div class=\"alert_wrapper\"><\/p>\n<p>Infra-estrutura: Salas com instrumentos, amplificadores , sistema de som e computador.\u00a0As aulas pr\u00e1ticas de canto e instrumento s\u00e3o individuais.<\/p>\n<p><\/div><a href=\"#\" class=\"close\"><i class=\"icon-cancel\"><\/i><\/a><\/div>\n\n","protected":false},"excerpt":{"rendered":"<p>O curso de violoncelo da Escola EMP oferece uma introdu\u00e7\u00e3o ao instrumento, abordando sua hist\u00f3ria, t\u00e9cnica e forma de manuseio. O aluno aprender\u00e1 os primeiros contatos<span class=\"excerpt-hellip\"> [\u2026]<\/span><\/p>\n","protected":false},"author":1,"featured_media":0,"parent":0,"menu_order":0,"comment_status":"closed","ping_status":"closed","template":"","meta":[],"_links":{"self":[{"href":"https:\/\/escolaemp.com.br\/emp\/wp-json\/wp\/v2\/pages\/2781"}],"collection":[{"href":"https:\/\/escolaemp.com.br\/emp\/wp-json\/wp\/v2\/pages"}],"about":[{"href":"https:\/\/escolaemp.com.br\/emp\/wp-json\/wp\/v2\/types\/page"}],"author":[{"embeddable":true,"href":"https:\/\/escolaemp.com.br\/emp\/wp-json\/wp\/v2\/users\/1"}],"replies":[{"embeddable":true,"href":"https:\/\/escolaemp.com.br\/emp\/wp-json\/wp\/v2\/comments?post=2781"}],"version-history":[{"count":2,"href":"https:\/\/escolaemp.com.br\/emp\/wp-json\/wp\/v2\/pages\/2781\/revisions"}],"predecessor-version":[{"id":3043,"href":"https:\/\/escolaemp.com.br\/emp\/wp-json\/wp\/v2\/pages\/2781\/revisions\/3043"}],"wp:attachment":[{"href":"https:\/\/escolaemp.com.br\/emp\/wp-json\/wp\/v2\/media?parent=2781"}],"curies":[{"name":"wp","href":"https:\/\/api.w.org\/{rel}","templated":true}]}}