{"id":2643,"date":"2024-10-17T14:57:00","date_gmt":"2024-10-17T14:57:00","guid":{"rendered":"https:\/\/escolaemp.com.br\/emp\/?page_id=2643"},"modified":"2025-10-02T15:00:46","modified_gmt":"2025-10-02T15:00:46","slug":"curso-intensivo-de-luthieria-basica-para-guitarra-violao-e-baixo","status":"publish","type":"page","link":"https:\/\/escolaemp.com.br\/emp\/curso-intensivo-de-luthieria-basica-para-guitarra-violao-e-baixo\/","title":{"rendered":"Curso Intensivo de Luthieria B\u00e1sica para guitarra, viol\u00e3o e baixo"},"content":{"rendered":"<p style=\"font-weight: 400;\"><img decoding=\"async\" loading=\"lazy\" class=\"wp-image-2646 aligncenter\" src=\"https:\/\/escolaemp.com.br\/emp\/wp-content\/uploads\/2024\/10\/Curso-de-Luthieria-1024x1024.jpg\" alt=\"\" width=\"372\" height=\"372\" srcset=\"https:\/\/escolaemp.com.br\/emp\/wp-content\/uploads\/2024\/10\/Curso-de-Luthieria-1024x1024.jpg 1024w, https:\/\/escolaemp.com.br\/emp\/wp-content\/uploads\/2024\/10\/Curso-de-Luthieria-300x300.jpg 300w, https:\/\/escolaemp.com.br\/emp\/wp-content\/uploads\/2024\/10\/Curso-de-Luthieria-150x150.jpg 150w, https:\/\/escolaemp.com.br\/emp\/wp-content\/uploads\/2024\/10\/Curso-de-Luthieria-768x768.jpg 768w, https:\/\/escolaemp.com.br\/emp\/wp-content\/uploads\/2024\/10\/Curso-de-Luthieria-146x146.jpg 146w, https:\/\/escolaemp.com.br\/emp\/wp-content\/uploads\/2024\/10\/Curso-de-Luthieria-50x50.jpg 50w, https:\/\/escolaemp.com.br\/emp\/wp-content\/uploads\/2024\/10\/Curso-de-Luthieria-75x75.jpg 75w, https:\/\/escolaemp.com.br\/emp\/wp-content\/uploads\/2024\/10\/Curso-de-Luthieria-85x85.jpg 85w, https:\/\/escolaemp.com.br\/emp\/wp-content\/uploads\/2024\/10\/Curso-de-Luthieria-80x80.jpg 80w, https:\/\/escolaemp.com.br\/emp\/wp-content\/uploads\/2024\/10\/Curso-de-Luthieria.jpg 1080w\" sizes=\"(max-width: 372px) 100vw, 372px\" \/><\/p>\n<p style=\"font-weight: 400;\">Quer aprender a cuidar e personalizar seu pr\u00f3prio instrumento? No <strong>Curso Intensivo de Luthieria B\u00e1sica<\/strong>, voc\u00ea vai dominar t\u00e9cnicas essenciais como regulagem de tensor, ret\u00edfica de trastes e manuten\u00e7\u00e3o de tarraxas para guitarra, viol\u00e3o e baixo. Com aulas presenciais ou online, voc\u00ea ter\u00e1 a chance de aplicar o conhecimento diretamente no seu instrumento, garantindo mais durabilidade e melhor performance. N\u00e3o precisa ter experi\u00eancia pr\u00e9via, apenas a vontade de aprender! Garanta sua vaga e comece j\u00e1 a dar mais vida \u00e0 sua m\u00fasica!<\/p>\n<p style=\"font-weight: 400;\">\n<p style=\"font-weight: 400;\"><strong>T\u00f3picos:<\/strong><\/p>\n<p style=\"font-weight: 400;\">Cuidados com o instrumento<\/p>\n<p style=\"font-weight: 400;\">Ret\u00edfica de trastes<\/p>\n<p style=\"font-weight: 400;\">Regulagem de tensor<\/p>\n<p style=\"font-weight: 400;\">Parte el\u00e9trica<\/p>\n<p style=\"font-weight: 400;\">Limpeza e polimento de trastes<\/p>\n<p style=\"font-weight: 400;\">Manuten\u00e7\u00e3o de tarraxas<\/p>\n<p style=\"font-weight: 400;\">Polimento de corpo do instrumento<\/p>\n<p style=\"font-weight: 400;\"><u><\/u><u><\/u>Polimento de trastes e regulagem de tensor<\/p>\n<p style=\"font-weight: 400;\">\n<p style=\"font-weight: 400;\"><strong>Valor do curso:<\/strong><\/p>\n<p style=\"font-weight: 400;\">Presencial: R$\n918,00\t\n\n<?php (pagamento no pix R$600,00)<\/p>\n<p style=\"font-weight: 400;\">\n<p style=\"font-weight: 400;\">\n<p style=\"font-weight: 400;\"><strong>Dura\u00e7\u00e3o do curso:<\/strong><\/p>\n<p style=\"font-weight: 400;\">6 aulas de 1h30min de dura\u00e7\u00e3o , sendo 2 aulas por semana.<\/p>\n<p style=\"font-weight: 400;\">\n<p style=\"font-weight: 400;\"><strong>Pr\u00e9-requisitos para fazer o curso:<\/strong>\u00a0Nenhum.<\/p>\n","protected":false},"excerpt":{"rendered":"<p>Quer aprender a cuidar e personalizar seu pr\u00f3prio instrumento? No Curso Intensivo de Luthieria B\u00e1sica, voc\u00ea vai dominar t\u00e9cnicas essenciais como regulagem de tensor, ret\u00edfica de<span class=\"excerpt-hellip\"> [\u2026]<\/span><\/p>\n","protected":false},"author":1,"featured_media":0,"parent":0,"menu_order":0,"comment_status":"closed","ping_status":"closed","template":"","meta":[],"_links":{"self":[{"href":"https:\/\/escolaemp.com.br\/emp\/wp-json\/wp\/v2\/pages\/2643"}],"collection":[{"href":"https:\/\/escolaemp.com.br\/emp\/wp-json\/wp\/v2\/pages"}],"about":[{"href":"https:\/\/escolaemp.com.br\/emp\/wp-json\/wp\/v2\/types\/page"}],"author":[{"embeddable":true,"href":"https:\/\/escolaemp.com.br\/emp\/wp-json\/wp\/v2\/users\/1"}],"replies":[{"embeddable":true,"href":"https:\/\/escolaemp.com.br\/emp\/wp-json\/wp\/v2\/comments?post=2643"}],"version-history":[{"count":6,"href":"https:\/\/escolaemp.com.br\/emp\/wp-json\/wp\/v2\/pages\/2643\/revisions"}],"predecessor-version":[{"id":3002,"href":"https:\/\/escolaemp.com.br\/emp\/wp-json\/wp\/v2\/pages\/2643\/revisions\/3002"}],"wp:attachment":[{"href":"https:\/\/escolaemp.com.br\/emp\/wp-json\/wp\/v2\/media?parent=2643"}],"curies":[{"name":"wp","href":"https:\/\/api.w.org\/{rel}","templated":true}]}}