{"id":259,"date":"2018-12-27T11:49:31","date_gmt":"2018-12-27T11:49:31","guid":{"rendered":"https:\/\/escolaemp.com.br\/emp\/?page_id=259"},"modified":"2023-09-13T13:38:03","modified_gmt":"2023-09-13T13:38:03","slug":"aulas-online","status":"publish","type":"page","link":"https:\/\/escolaemp.com.br\/emp\/aulas-online\/","title":{"rendered":"Aulas Online"},"content":{"rendered":"<p><img decoding=\"async\" loading=\"lazy\" class=\"alignnone wp-image-260 \" src=\"https:\/\/escolaemp.com.br\/emp\/wp-content\/uploads\/2018\/12\/skype.jpg\" alt=\"Aulas em tempo real via Skype\" width=\"1490\" height=\"200\" srcset=\"https:\/\/escolaemp.com.br\/emp\/wp-content\/uploads\/2018\/12\/skype.jpg 1490w, https:\/\/escolaemp.com.br\/emp\/wp-content\/uploads\/2018\/12\/skype-300x40.jpg 300w, https:\/\/escolaemp.com.br\/emp\/wp-content\/uploads\/2018\/12\/skype-768x103.jpg 768w, https:\/\/escolaemp.com.br\/emp\/wp-content\/uploads\/2018\/12\/skype-1024x137.jpg 1024w, https:\/\/escolaemp.com.br\/emp\/wp-content\/uploads\/2018\/12\/skype-260x35.jpg 260w, https:\/\/escolaemp.com.br\/emp\/wp-content\/uploads\/2018\/12\/skype-50x7.jpg 50w, https:\/\/escolaemp.com.br\/emp\/wp-content\/uploads\/2018\/12\/skype-150x20.jpg 150w\" sizes=\"(max-width: 1490px) 100vw, 1490px\" \/><\/p>\n<p>As aulas pr\u00e1ticas online oferecidas pela EMP s\u00e3o ao vivo e individuais.<\/p>\n<p>Al\u00e9m da aula pr\u00e1tica do instrumento ou canto, o aluno ganha o curso de Musicaliza\u00e7\u00e3o, tamb\u00e9m online. Todos os cursos tem material did\u00e1tico e oferecem certificado de conclus\u00e3o.<\/p>\n<p><a href=\"https:\/\/escolaemp.com.br\/emp\/cursos-regulares\/\"><b>Confira aqui os cursos oferecidos.&nbsp;<\/b><\/a><\/p>\n<p><a class=\"button  button_left button_size_2 button_js\" href=\"https:\/\/escolaemp.com.br\/emp\/cursos-regulares\/\" target=\"_blank\"    ><span class=\"button_icon\"><i class=\"icon-list\" ><\/i><\/span><span class=\"button_label\">Lista de Cursos Online<\/span><\/a>\n&nbsp;<a class=\"button  button_left button_size_2 button_js\" href=\"https:\/\/escolaemp.com.br\/emp\/contact\/\" target=\"_blank\"    ><span class=\"button_icon\"><i class=\"icon-paper-plane\" ><\/i><\/span><span class=\"button_label\">D\u00favidas? Entre em contato<\/span><\/a>\n<\/p>\n","protected":false},"excerpt":{"rendered":"<p>As aulas pr\u00e1ticas online oferecidas pela EMP s\u00e3o ao vivo e individuais. Al\u00e9m da aula pr\u00e1tica do instrumento ou canto, o aluno ganha o curso de<span class=\"excerpt-hellip\"> [\u2026]<\/span><\/p>\n","protected":false},"author":1,"featured_media":0,"parent":0,"menu_order":0,"comment_status":"closed","ping_status":"closed","template":"","meta":[],"_links":{"self":[{"href":"https:\/\/escolaemp.com.br\/emp\/wp-json\/wp\/v2\/pages\/259"}],"collection":[{"href":"https:\/\/escolaemp.com.br\/emp\/wp-json\/wp\/v2\/pages"}],"about":[{"href":"https:\/\/escolaemp.com.br\/emp\/wp-json\/wp\/v2\/types\/page"}],"author":[{"embeddable":true,"href":"https:\/\/escolaemp.com.br\/emp\/wp-json\/wp\/v2\/users\/1"}],"replies":[{"embeddable":true,"href":"https:\/\/escolaemp.com.br\/emp\/wp-json\/wp\/v2\/comments?post=259"}],"version-history":[{"count":9,"href":"https:\/\/escolaemp.com.br\/emp\/wp-json\/wp\/v2\/pages\/259\/revisions"}],"predecessor-version":[{"id":2450,"href":"https:\/\/escolaemp.com.br\/emp\/wp-json\/wp\/v2\/pages\/259\/revisions\/2450"}],"wp:attachment":[{"href":"https:\/\/escolaemp.com.br\/emp\/wp-json\/wp\/v2\/media?parent=259"}],"curies":[{"name":"wp","href":"https:\/\/api.w.org\/{rel}","templated":true}]}}