{"id":203,"date":"2018-12-26T17:27:58","date_gmt":"2018-12-26T17:27:58","guid":{"rendered":"https:\/\/escolaemp.com.br\/emp\/?page_id=203"},"modified":"2024-06-25T17:47:58","modified_gmt":"2024-06-25T17:47:58","slug":"escola-emp-em-domicilio","status":"publish","type":"page","link":"https:\/\/escolaemp.com.br\/emp\/escola-emp-em-domicilio\/","title":{"rendered":"Escola EMP em Domic\u00edlio"},"content":{"rendered":"<p><img decoding=\"async\" loading=\"lazy\" class=\"alignnone wp-image-167 size-full\" src=\"https:\/\/escolaemp.com.br\/emp\/wp-content\/uploads\/2018\/12\/Curso-de-harmonia-na-guitarra-e-viol\u00e3o.jpg\" alt=\"Curso de harmonia na guitarra e viol\u00e3o\" width=\"1490\" height=\"200\" srcset=\"https:\/\/escolaemp.com.br\/emp\/wp-content\/uploads\/2018\/12\/Curso-de-harmonia-na-guitarra-e-viol\u00e3o.jpg 1490w, https:\/\/escolaemp.com.br\/emp\/wp-content\/uploads\/2018\/12\/Curso-de-harmonia-na-guitarra-e-viol\u00e3o-300x40.jpg 300w, https:\/\/escolaemp.com.br\/emp\/wp-content\/uploads\/2018\/12\/Curso-de-harmonia-na-guitarra-e-viol\u00e3o-768x103.jpg 768w, https:\/\/escolaemp.com.br\/emp\/wp-content\/uploads\/2018\/12\/Curso-de-harmonia-na-guitarra-e-viol\u00e3o-1024x137.jpg 1024w, https:\/\/escolaemp.com.br\/emp\/wp-content\/uploads\/2018\/12\/Curso-de-harmonia-na-guitarra-e-viol\u00e3o-260x35.jpg 260w, https:\/\/escolaemp.com.br\/emp\/wp-content\/uploads\/2018\/12\/Curso-de-harmonia-na-guitarra-e-viol\u00e3o-50x7.jpg 50w, https:\/\/escolaemp.com.br\/emp\/wp-content\/uploads\/2018\/12\/Curso-de-harmonia-na-guitarra-e-viol\u00e3o-150x20.jpg 150w\" sizes=\"(max-width: 1490px) 100vw, 1490px\" \/><\/p>\n<p>Nosso servi\u00e7o se diferencia da aula particular por 3 motivos:<br \/>\n1. O aluno ter\u00e1 aula com um professor do corpo docente da Escola EMP. Essa \u00e9 uma garantia que ele ser\u00e1 atendido por um profissional treinado e em constante avalia\u00e7\u00e3o e reciclagem.<br \/>\n2. A metodologia de ensino \u00e9 a mesma usada na Escola EMP , inclusive com o mesmo material did\u00e1tico.<br \/>\n3. O aluno recebe certificado ap\u00f3s as mudan\u00e7as de n\u00edvel e conclus\u00e3o do curso.<br \/>\nA aula \u00e9 semanal e dura 1h .<br \/>\nO servi\u00e7o s\u00f3 atende a cidade de BH. \u00c9 necess\u00e1rio que o aluno tenha o Instrumento para a realiza\u00e7\u00e3o da aula.<br \/>\nO aluno pode frequentar normalmente as aulas de pr\u00e1tica em conjunto e Musicaliza\u00e7\u00e3o sem nenhum \u00f4nus adicional (opcional).<br \/>\nConsulte-nos sobre descontos para cursos em condom\u00ednios e empresas.<\/p>\n<a class=\"button  button_left button_size_2 button_js\" href=\"https:\/\/escolaemp.com.br\/emp\/contact\/\" target=\"_blank\"    ><span class=\"button_icon\"><i class=\"icon-paper-plane\" ><\/i><\/span><span class=\"button_label\">D\u00favidas? Entre em contato<\/span><\/a>\n\n","protected":false},"excerpt":{"rendered":"<p>Nosso servi\u00e7o se diferencia da aula particular por 3 motivos: 1. O aluno ter\u00e1 aula com um professor do corpo docente da Escola EMP. Essa \u00e9<span class=\"excerpt-hellip\"> [\u2026]<\/span><\/p>\n","protected":false},"author":1,"featured_media":0,"parent":0,"menu_order":0,"comment_status":"closed","ping_status":"closed","template":"","meta":[],"_links":{"self":[{"href":"https:\/\/escolaemp.com.br\/emp\/wp-json\/wp\/v2\/pages\/203"}],"collection":[{"href":"https:\/\/escolaemp.com.br\/emp\/wp-json\/wp\/v2\/pages"}],"about":[{"href":"https:\/\/escolaemp.com.br\/emp\/wp-json\/wp\/v2\/types\/page"}],"author":[{"embeddable":true,"href":"https:\/\/escolaemp.com.br\/emp\/wp-json\/wp\/v2\/users\/1"}],"replies":[{"embeddable":true,"href":"https:\/\/escolaemp.com.br\/emp\/wp-json\/wp\/v2\/comments?post=203"}],"version-history":[{"count":7,"href":"https:\/\/escolaemp.com.br\/emp\/wp-json\/wp\/v2\/pages\/203\/revisions"}],"predecessor-version":[{"id":2590,"href":"https:\/\/escolaemp.com.br\/emp\/wp-json\/wp\/v2\/pages\/203\/revisions\/2590"}],"wp:attachment":[{"href":"https:\/\/escolaemp.com.br\/emp\/wp-json\/wp\/v2\/media?parent=203"}],"curies":[{"name":"wp","href":"https:\/\/api.w.org\/{rel}","templated":true}]}}