{"id":202,"date":"2018-12-26T18:27:59","date_gmt":"2018-12-26T18:27:59","guid":{"rendered":"https:\/\/escolaemp.com.br\/emp\/?page_id=202"},"modified":"2018-12-26T18:27:59","modified_gmt":"2018-12-26T18:27:59","slug":"cursos","status":"publish","type":"page","link":"https:\/\/escolaemp.com.br\/emp\/cursos\/","title":{"rendered":"Cursos"},"content":{"rendered":"<p><img decoding=\"async\" loading=\"lazy\" class=\"alignnone wp-image-193 size-full\" src=\"https:\/\/escolaemp.com.br\/emp\/wp-content\/uploads\/2018\/12\/Cursos-Preparat\u00f3rios-para-o-Vestibular-de-M\u00fasica.jpg\" alt=\"Cursos-Preparat\u00f3rios-para-o-Vestibular-de-M\u00fasica\" width=\"1490\" height=\"200\" srcset=\"https:\/\/escolaemp.com.br\/emp\/wp-content\/uploads\/2018\/12\/Cursos-Preparat\u00f3rios-para-o-Vestibular-de-M\u00fasica.jpg 1490w, https:\/\/escolaemp.com.br\/emp\/wp-content\/uploads\/2018\/12\/Cursos-Preparat\u00f3rios-para-o-Vestibular-de-M\u00fasica-300x40.jpg 300w, https:\/\/escolaemp.com.br\/emp\/wp-content\/uploads\/2018\/12\/Cursos-Preparat\u00f3rios-para-o-Vestibular-de-M\u00fasica-768x103.jpg 768w, https:\/\/escolaemp.com.br\/emp\/wp-content\/uploads\/2018\/12\/Cursos-Preparat\u00f3rios-para-o-Vestibular-de-M\u00fasica-1024x137.jpg 1024w, https:\/\/escolaemp.com.br\/emp\/wp-content\/uploads\/2018\/12\/Cursos-Preparat\u00f3rios-para-o-Vestibular-de-M\u00fasica-260x35.jpg 260w, https:\/\/escolaemp.com.br\/emp\/wp-content\/uploads\/2018\/12\/Cursos-Preparat\u00f3rios-para-o-Vestibular-de-M\u00fasica-50x7.jpg 50w, https:\/\/escolaemp.com.br\/emp\/wp-content\/uploads\/2018\/12\/Cursos-Preparat\u00f3rios-para-o-Vestibular-de-M\u00fasica-150x20.jpg 150w\" sizes=\"(max-width: 1490px) 100vw, 1490px\" \/><\/p>\n<p>A Escola EMP oferece uma s\u00e9rie de cursos na \u00e1rea da M\u00fasica. Os cursos regulares s\u00e3o ministrados durante todo o ano. J\u00e1 os cursos especiais t\u00eam dura\u00e7\u00e3o determinada podendo variar o tema durante o ano.<\/p>\n<p>J\u00e1 os cursos preparat\u00f3rios para o vestibular, oferecem ao aluno a possibilidade de trabalhar as pe\u00e7as exigidas para o vestibular na UFMG e UEMG.<\/p>\n<p><span class=\"Apple-style-span\">Veja as categorias de cursos<\/span>:<\/p>\n<ul>\n<li><a href=\"https:\/\/escolaemp.com.br\/emp\/cursos-regulares\/\">Cursos Regulares<\/a><\/li>\n<li><a href=\"https:\/\/escolaemp.com.br\/emp\/cursos-especiais\/\">Cursos Especiais<\/a><\/li>\n<li><a href=\"https:\/\/escolaemp.com.br\/emp\/escola-emp-em-domicilio\/\">Escola EMP em Domic\u00edlio<\/a><\/li>\n<li><a href=\"https:\/\/escolaemp.com.br\/emp\/praticas-em-conjunto\/\">Pr\u00e1ticas em conjunto<\/a><\/li>\n<li><a href=\"https:\/\/escolaemp.com.br\/musicalizacao-infantil\">Musicaliza\u00e7\u00e3o (infantil e teen)<\/a><\/li>\n<\/ul>\n","protected":false},"excerpt":{"rendered":"<p>A Escola EMP oferece uma s\u00e9rie de cursos na \u00e1rea da M\u00fasica. Os cursos regulares s\u00e3o ministrados durante todo o ano. J\u00e1 os cursos especiais t\u00eam<span class=\"excerpt-hellip\"> [\u2026]<\/span><\/p>\n","protected":false},"author":1,"featured_media":0,"parent":0,"menu_order":0,"comment_status":"closed","ping_status":"closed","template":"","meta":[],"_links":{"self":[{"href":"https:\/\/escolaemp.com.br\/emp\/wp-json\/wp\/v2\/pages\/202"}],"collection":[{"href":"https:\/\/escolaemp.com.br\/emp\/wp-json\/wp\/v2\/pages"}],"about":[{"href":"https:\/\/escolaemp.com.br\/emp\/wp-json\/wp\/v2\/types\/page"}],"author":[{"embeddable":true,"href":"https:\/\/escolaemp.com.br\/emp\/wp-json\/wp\/v2\/users\/1"}],"replies":[{"embeddable":true,"href":"https:\/\/escolaemp.com.br\/emp\/wp-json\/wp\/v2\/comments?post=202"}],"version-history":[{"count":1,"href":"https:\/\/escolaemp.com.br\/emp\/wp-json\/wp\/v2\/pages\/202\/revisions"}],"predecessor-version":[{"id":221,"href":"https:\/\/escolaemp.com.br\/emp\/wp-json\/wp\/v2\/pages\/202\/revisions\/221"}],"wp:attachment":[{"href":"https:\/\/escolaemp.com.br\/emp\/wp-json\/wp\/v2\/media?parent=202"}],"curies":[{"name":"wp","href":"https:\/\/api.w.org\/{rel}","templated":true}]}}