{"id":178,"date":"2018-12-26T16:47:34","date_gmt":"2018-12-26T16:47:34","guid":{"rendered":"https:\/\/escolaemp.com.br\/emp\/?page_id=178"},"modified":"2025-01-10T14:21:44","modified_gmt":"2025-01-10T14:21:44","slug":"cursos-de-especializacao-em-jazz","status":"publish","type":"page","link":"https:\/\/escolaemp.com.br\/emp\/cursos-de-especializacao-em-jazz\/","title":{"rendered":"Cursos de especializa\u00e7\u00e3o em Jazz"},"content":{"rendered":"<p><img decoding=\"async\" loading=\"lazy\" class=\"alignnone wp-image-179 size-full\" src=\"https:\/\/escolaemp.com.br\/emp\/wp-content\/uploads\/2018\/12\/Cursos-de-especializa\u00e7\u00e3o-em-jazz.jpg\" alt=\"\" width=\"1490\" height=\"200\" srcset=\"https:\/\/escolaemp.com.br\/emp\/wp-content\/uploads\/2018\/12\/Cursos-de-especializa\u00e7\u00e3o-em-jazz.jpg 1490w, https:\/\/escolaemp.com.br\/emp\/wp-content\/uploads\/2018\/12\/Cursos-de-especializa\u00e7\u00e3o-em-jazz-300x40.jpg 300w, https:\/\/escolaemp.com.br\/emp\/wp-content\/uploads\/2018\/12\/Cursos-de-especializa\u00e7\u00e3o-em-jazz-768x103.jpg 768w, https:\/\/escolaemp.com.br\/emp\/wp-content\/uploads\/2018\/12\/Cursos-de-especializa\u00e7\u00e3o-em-jazz-1024x137.jpg 1024w, https:\/\/escolaemp.com.br\/emp\/wp-content\/uploads\/2018\/12\/Cursos-de-especializa\u00e7\u00e3o-em-jazz-260x35.jpg 260w, https:\/\/escolaemp.com.br\/emp\/wp-content\/uploads\/2018\/12\/Cursos-de-especializa\u00e7\u00e3o-em-jazz-50x7.jpg 50w, https:\/\/escolaemp.com.br\/emp\/wp-content\/uploads\/2018\/12\/Cursos-de-especializa\u00e7\u00e3o-em-jazz-150x20.jpg 150w\" sizes=\"(max-width: 1490px) 100vw, 1490px\" \/><\/p>\n<h5>Objetivos: Proporcionar ao m\u00fasico conhecimento necess\u00e1rio para o dom\u00ednio de t\u00e9cnicas, concep\u00e7\u00e3o, fraseado e repert\u00f3rio dos principais estilos do jazz (swing, bebop, cool, hard bop west coast e avant guard).<\/h5>\n<div class=\"faq\"><div class=\"mfn-acc faq_wrapper \"><\/p>\n<p><div class=\"question\"><div class=\"title\"><span class=\"num\"><\/span><i class=\"icon-plus acc-icon-plus\"><\/i><i class=\"icon-minus acc-icon-minus\"><\/i>Guitarra no Jazz<\/div><div class=\"answer\"><\/p>\n<p>Professor: <a href=\"https:\/\/escolaemp.com.br\/emp\/portfolio-item\/antonio-andre\/\">Ant\u00f4nio Andr\u00e9<\/a> e\u00a0 <a href=\"https:\/\/escolaemp.com.br\/emp\/portfolio-item\/ivan-resende\/\">Ivan Resende<\/a><br \/>\nDura\u00e7\u00e3o: 1 semestre a 1 ano<br \/>\nHor\u00e1rio: Segunda \u00e0 sexta<br \/>\nMetodologia:<br \/>\n\u2022 1 aula\/semana de guitarra<br \/>\n\u2022 1 aula\/semana de musicaliza\u00e7\u00e3o (percep\u00e7\u00e3o, teoria e harmonia), gratuito.<br \/>\n\u2022 1 aula\/semana de grupo de estudo Jazz (pr\u00e1tica de repert\u00f3rio em grupo), gratuito<br \/>\nPre\u00e7o: R$491,00<\/p>\n<p>Matr\u00edcula:<\/p>\n<p class=\"show_enrol\" title=\"\" data-original-title=\"\"><a href=\"#popup-6a09d8bcd060e\" rel=\"prettyphoto\" class=\"popup-link\">Veja as op\u00e7\u00f5es<\/a><div id=\"popup-6a09d8bcd060e\" class=\"popup-content\"><div class=\"popup-inner\" ><\/p>\n<p style=\"font-weight: 400;\"><strong>R$ 99,00<\/strong><br \/>\nalunos at\u00e9 10 anos<\/p>\n<p style=\"font-weight: 400;\"><strong>R$ 171,00<\/strong><br \/>\nincluindo material did\u00e1tico do N\u00edvel I (Musicaliza\u00e7\u00e3o e Instrumento).<\/p>\n<p style=\"font-weight: 400;\"><em>O valor pode ser pago em 3 parcelas (cart\u00e3o de cr\u00e9dito).<\/em><\/p>\n<p class=\"show_enrol\" title=\"\" data-original-title=\"\"><small class=\"\">\u00a0<\/small><\/div><\/div>\n<\/p>\n<p>T\u00f3picos:\u00a0 M\u00e9todo baseado na metodologia da Berklee (USA) que cont\u00e9m: constru\u00e7\u00e3o e analise de voicing e levadas para os principais estilos do jazz (swing, bebop, cool, modal e moderno), repert\u00f3rio, improvisa\u00e7\u00e3o, escalas e suas aplicabilidades etc.<br \/>\nPr\u00e9-Requisitos: Conhecimento de leitura, dom\u00ednio das seguintes escalas no instrumento: maior, menor natural, pentat\u00f4nicas e blues em duas oitavas, dom\u00ednio dos seguintes arpejos e acordes: maior, maior c\/7m, maior c\/7M, menores e diminutos. Conhecimento de teoria musical (intervalos, forma\u00e7\u00e3o de escalas de arpejos).<\/p>\n<p><\/div><\/div>\n<\/p>\n<p><div class=\"question\"><div class=\"title\"><span class=\"num\"><\/span><i class=\"icon-plus acc-icon-plus\"><\/i><i class=\"icon-minus acc-icon-minus\"><\/i>Contrabaixo no Jazz<\/div><div class=\"answer\"><\/p>\n<p>Professor:\u00a0\u00a0<a href=\"https:\/\/escolaemp.com.br\/emp\/portfolio-item\/marcelo-luiz-barbosa\/\">Marcelo Luiz Barbosa<\/a><br \/>\nDura\u00e7\u00e3o: 1 semestre a 1 ano<br \/>\nHor\u00e1rio: Segunda \u00e0 sexta<br \/>\nMetodologia:<br \/>\n\u2022 1 aula\/semana de guitarra<br \/>\n\u2022 1 aula\/semana de musicaliza\u00e7\u00e3o (percep\u00e7\u00e3o, teoria e harmonia), gratuito.<br \/>\n\u2022 1 aula\/semana de grupo de estudo Jazz (pr\u00e1tica de repert\u00f3rio em grupo), gratuito<br \/>\nPre\u00e7o: R$491,00 mensalidade<\/p>\n<p>Matr\u00edcula:<\/p>\n<p class=\"show_enrol\" title=\"\" data-original-title=\"\"><a href=\"#popup-6a09d8bcd067b\" rel=\"prettyphoto\" class=\"popup-link\">Veja as op\u00e7\u00f5es<\/a><div id=\"popup-6a09d8bcd067b\" class=\"popup-content\"><div class=\"popup-inner\" ><\/p>\n<p style=\"font-weight: 400;\"><strong>R$99,00 <\/strong>alunos at\u00e9 10 anos<\/p>\n<p style=\"font-weight: 400;\"><strong>R$ 171,00 <\/strong>incluindo material did\u00e1tico do N\u00edvel I (Musicaliza\u00e7\u00e3o e Instrumento).<\/p>\n<p style=\"font-weight: 400;\"><em>O valor pode ser pago em 3 parcelas (cart\u00e3o de cr\u00e9dito).<\/em><\/p>\n<p class=\"show_enrol\" title=\"\" data-original-title=\"\"><small class=\"\">\u00a0<\/small><\/div><\/div>\n<\/p>\n<p><strong>Objetivo<\/strong>\u00a0: Desenvolver a habilidade de criar linhas de baixo e improvisar nos principais estilos de Jazz, MPB e Fusion<\/p>\n<p><strong>T\u00f3picos:<\/strong>\u00a0M\u00e9todo totalmente apostilado que cont\u00e9m: constru\u00e7\u00e3o e analise de linhas de baixo para o Jazz (Walking bass), repert\u00f3rio, improvisa\u00e7\u00e3o, estudo dos principais estilos do jazz (swing, bebop, cool, modal e moderno), MPB e Fusion<\/p>\n<p><\/div><\/div>\n<\/p>\n<p><div class=\"question\"><div class=\"title\"><span class=\"num\"><\/span><i class=\"icon-plus acc-icon-plus\"><\/i><i class=\"icon-minus acc-icon-minus\"><\/i>Piano no Jazz<\/div><div class=\"answer\"><\/p>\n<p><span class=\"Apple-style-span\">Professor: \u00a0<a href=\"https:\/\/escolaemp.com.br\/emp\/portfolio-item\/nestor-lombida\/\">Nestor<\/a><\/span><\/p>\n<p>Esse curso \u00e9 destinado ao estudo das levadas, voicing, repert\u00f3rio, estilos e conceitos harm\u00f4nicos<\/p>\n<p>P\u00fablico Alvo: Tecladistas Profissionais e Amadores<br \/>\nPr\u00e9-Requisitos: Leitura, Conhecimento B\u00e1sico de Harmonia e T\u00e9cnica do Instrumento.<\/p>\n<p>Carga Hor\u00e1ria: 1h semanal<\/p>\n<p>Dia: Segundas e Ter\u00e7as<\/p>\n<p>Pre\u00e7o: R$491,00 mensalidade<\/p>\n<p>Matr\u00edcula:<\/p>\n<p class=\"show_enrol\" title=\"\" data-original-title=\"\"><a href=\"#popup-6a09d8bcd06c5\" rel=\"prettyphoto\" class=\"popup-link\">Veja as op\u00e7\u00f5es<\/a><div id=\"popup-6a09d8bcd06c5\" class=\"popup-content\"><div class=\"popup-inner\" ><\/p>\n<p style=\"font-weight: 400;\"><strong>R$99,00 <\/strong>alunos at\u00e9 10 anos<\/p>\n<p style=\"font-weight: 400;\"><strong>R$ 171,00 <\/strong>incluindo material did\u00e1tico do N\u00edvel I (Musicaliza\u00e7\u00e3o e Instrumento).<\/p>\n<p style=\"font-weight: 400;\"><em>O valor pode ser pago em 3 parcelas (cart\u00e3o de cr\u00e9dito).<\/em><\/p>\n<p class=\"show_enrol\" title=\"\" data-original-title=\"\"><small class=\"\">\u00a0<\/small><\/div><\/div>\n<\/p>\n<p><\/div><\/div>\n<div class=\"question\"><div class=\"title\"><span class=\"num\"><\/span><i class=\"icon-plus acc-icon-plus\"><\/i><i class=\"icon-minus acc-icon-minus\"><\/i>Bateria no Jazz<\/div><div class=\"answer\"><\/p>\n<p><span class=\"Apple-style-span\">Professor<\/span>: <a href=\"https:\/\/escolaemp.com.br\/emp\/portfolio-item\/bo-hilbert\/\">Bo Hilbert<\/a><\/p>\n<p>P\u00fablico Alvo: Bateristas Profissionais e Amadores<\/p>\n<p>Carga Hor\u00e1ria: 1h semanal<\/p>\n<p>Pre\u00e7o: R$491,00 mensalidade<\/p>\n<p>Matr\u00edcula:<\/p>\n<p class=\"show_enrol\" title=\"\" data-original-title=\"\"><a href=\"#popup-6a09d8bcd0703\" rel=\"prettyphoto\" class=\"popup-link\">Veja as op\u00e7\u00f5es<\/a><div id=\"popup-6a09d8bcd0703\" class=\"popup-content\"><div class=\"popup-inner\" ><\/p>\n<p style=\"font-weight: 400;\"><strong>R$99,00 <\/strong>alunos at\u00e9 10 anos<\/p>\n<p style=\"font-weight: 400;\"><strong>R$ 171,00 <\/strong>incluindo material did\u00e1tico do N\u00edvel I (Musicaliza\u00e7\u00e3o e Instrumento).<\/p>\n<p style=\"font-weight: 400;\"><em>O valor pode ser pago em 3 parcelas (cart\u00e3o de cr\u00e9dito).<\/em><\/p>\n<p class=\"show_enrol\" title=\"\" data-original-title=\"\"><small class=\"\">\u00a0<\/small><\/div><\/div>\n<\/p>\n<p><\/div><\/div>\n<\/p>\n<p><div class=\"question\"><div class=\"title\"><span class=\"num\"><\/span><i class=\"icon-plus acc-icon-plus\"><\/i><i class=\"icon-minus acc-icon-minus\"><\/i>Sax no Jazz<\/div><div class=\"answer\"><\/p>\n<p><span class=\"Apple-style-span\">Com:\u00a0<\/span><a href=\"https:\/\/escolaemp.com.br\/emp\/portfolio-item\/cesar-baracho\/\">C\u00e9sar Baracho<\/a><\/p>\n<p>P\u00fablico Alvo: Saxofonistas\u00a0Profissionais e Amadores<br \/>\nPr\u00e9-Requisitos: Leitura, Conhecimento B\u00e1sico de Harmonia e T\u00e9cnica do Instrumento.<\/p>\n<p>Carga Hor\u00e1ria: 1h semanal<\/p>\n<p>Dia: Segundas e Ter\u00e7as<\/p>\n<p>Aulas online ao vivo por Skype<\/p>\n<p>Pre\u00e7o: R$491,00 mensalidade<\/p>\n<p>Matr\u00edcula:<\/p>\n<p class=\"show_enrol\" title=\"\" data-original-title=\"\"><a href=\"#popup-6a09d8bcd0739\" rel=\"prettyphoto\" class=\"popup-link\">Veja as op\u00e7\u00f5es<\/a><div id=\"popup-6a09d8bcd0739\" class=\"popup-content\"><div class=\"popup-inner\" ><\/p>\n<p style=\"font-weight: 400;\"><strong>R$99,00 <\/strong>alunos at\u00e9 10 anos<\/p>\n<p style=\"font-weight: 400;\"><strong>R$ 171,00 <\/strong>incluindo material did\u00e1tico do N\u00edvel I (Musicaliza\u00e7\u00e3o e Instrumento).<\/p>\n<p style=\"font-weight: 400;\"><em>O valor pode ser pago em 3 parcelas (cart\u00e3o de cr\u00e9dito).<\/em><\/p>\n<p class=\"show_enrol\" title=\"\" data-original-title=\"\"><small class=\"\">\u00a0<\/small><\/div><\/div>\n<\/p>\n<p><\/div><\/div>\n<\/p>\n<p><\/div><\/div>\n\n","protected":false},"excerpt":{"rendered":"<p>Objetivos: Proporcionar ao m\u00fasico conhecimento necess\u00e1rio para o dom\u00ednio de t\u00e9cnicas, concep\u00e7\u00e3o, fraseado e repert\u00f3rio dos principais estilos do jazz (swing, bebop, cool, hard bop west<span class=\"excerpt-hellip\"> [\u2026]<\/span><\/p>\n","protected":false},"author":1,"featured_media":0,"parent":0,"menu_order":0,"comment_status":"closed","ping_status":"closed","template":"","meta":[],"_links":{"self":[{"href":"https:\/\/escolaemp.com.br\/emp\/wp-json\/wp\/v2\/pages\/178"}],"collection":[{"href":"https:\/\/escolaemp.com.br\/emp\/wp-json\/wp\/v2\/pages"}],"about":[{"href":"https:\/\/escolaemp.com.br\/emp\/wp-json\/wp\/v2\/types\/page"}],"author":[{"embeddable":true,"href":"https:\/\/escolaemp.com.br\/emp\/wp-json\/wp\/v2\/users\/1"}],"replies":[{"embeddable":true,"href":"https:\/\/escolaemp.com.br\/emp\/wp-json\/wp\/v2\/comments?post=178"}],"version-history":[{"count":43,"href":"https:\/\/escolaemp.com.br\/emp\/wp-json\/wp\/v2\/pages\/178\/revisions"}],"predecessor-version":[{"id":2709,"href":"https:\/\/escolaemp.com.br\/emp\/wp-json\/wp\/v2\/pages\/178\/revisions\/2709"}],"wp:attachment":[{"href":"https:\/\/escolaemp.com.br\/emp\/wp-json\/wp\/v2\/media?parent=178"}],"curies":[{"name":"wp","href":"https:\/\/api.w.org\/{rel}","templated":true}]}}