{"id":104,"date":"2018-10-23T23:53:58","date_gmt":"2018-10-23T23:53:58","guid":{"rendered":"https:\/\/escolaemp.com.br\/emp\/?page_id=104"},"modified":"2026-03-03T19:58:05","modified_gmt":"2026-03-03T19:58:05","slug":"alunos-ilustres","status":"publish","type":"page","link":"https:\/\/escolaemp.com.br\/emp\/alunos-ilustres\/","title":{"rendered":"Alunos Ilustres"},"content":{"rendered":"<p><img decoding=\"async\" loading=\"lazy\" class=\"alignnone wp-image-226 size-full\" src=\"https:\/\/escolaemp.com.br\/emp\/wp-content\/uploads\/2018\/12\/Destaques.jpg\" alt=\"\" width=\"1490\" height=\"200\" srcset=\"https:\/\/escolaemp.com.br\/emp\/wp-content\/uploads\/2018\/12\/Destaques.jpg 1490w, https:\/\/escolaemp.com.br\/emp\/wp-content\/uploads\/2018\/12\/Destaques-300x40.jpg 300w, https:\/\/escolaemp.com.br\/emp\/wp-content\/uploads\/2018\/12\/Destaques-768x103.jpg 768w, https:\/\/escolaemp.com.br\/emp\/wp-content\/uploads\/2018\/12\/Destaques-1024x137.jpg 1024w, https:\/\/escolaemp.com.br\/emp\/wp-content\/uploads\/2018\/12\/Destaques-260x35.jpg 260w, https:\/\/escolaemp.com.br\/emp\/wp-content\/uploads\/2018\/12\/Destaques-50x7.jpg 50w, https:\/\/escolaemp.com.br\/emp\/wp-content\/uploads\/2018\/12\/Destaques-150x20.jpg 150w\" sizes=\"(max-width: 1490px) 100vw, 1490px\" \/><\/p>\n<p>Desde 1994 fazemos parte do caminho educacional trilhado por nossos alunos. Alguns optam pela carreira profissional. Veja abaixo a lista de ex-alunos que conquistaram destaque nacional e at\u00e9 internacional, seja em carreira solo ou em bandas onde atuam ou j\u00e1 atuaram:<\/p>\n<p>Haroldo Ferreti, Henrique Portugal e Lelo Zanetti \u2013 Skank<br \/>\nRog\u00e9rio Flausino \u2013 Jota Quest<br \/>\nPJ \u2013 Jota Quest<br \/>\nC\u00e9sar Menotti \u2013 C\u00e9sar Menotti e Fabiano<br \/>\nFl\u00e1vio Renegado &#8211; Artista Solo<br \/>\nFernando Prado \u2013 produtor da Midas Studios<br \/>\nJean Dolabella \u2013 Ego Kill Talent, Pitty, Diesel e Sepultura<br \/>\nAlexandre Massau \u2013 Cidade Negra e The Voice Brasil<br \/>\nGabi Martins \u2013 Artista Solo, BBB<br \/>\nGlauco Borges (Jorge) &#8211; banda Lagum<br \/>\nKadu Vianna \u2013 Artista Solo e The Voice Brasil<br \/>\nFrederico Heliodoro &#8211; Artista Solo<br \/>\nHugo Doche \u2013 Geminix<br \/>\nLeozinho, Beto, J\u00falio e Maurinho \u2013 TiaNast\u00e1cia<br \/>\nJo\u00e3o Pedro Delfino &#8211; Musical Escola do Rock<br \/>\nJo\u00e3o Ferreira &#8211; Daparte<br \/>\nJuliano Alvarenga &#8211; Daparte<br \/>\nLarissa Oliveira (guitarrista)<br \/>\nAb\u00edlio Azambuja &#8211; Baterista do Picassos Falsos<br \/>\nGustavo Drummond \u2013Diesel ,Udora e Oceania<br \/>\nJ\u00falia Ribas \u2013 Artista Solo<br \/>\n\u00c9rika Machado \u2013 Artista Solo<br \/>\nAugusto Nogueira, Henrique Papatella e Jo\u00e3o M\u00e1rcio \u2013 Scarc\u00e9us<br \/>\nL\u00e9o Pires \u2013 Victor &amp; L\u00e9o<br \/>\nArthur Rezende \u2013 Fl\u00e1vio Venturini<br \/>\nThiago Correia \u2013 Diesel, Udora , Victor &amp; L\u00e9o e Elza Soares<br \/>\nStanley Soares \u2013 Sepultura e Megadeth<br \/>\nRenato Laranjo \u2013 Andr\u00e9 Valad\u00e3o<br \/>\nAdriano Pez\u00e3o \u2013 Andr\u00e9 Valad\u00e3o e C\u00e9sar Menotti e Fabiano<br \/>\nGustavo Figueiredo \u2013 Artista Solo<br \/>\nGuilherme Vincens \u2013 Artista Solo<br \/>\nGabi Mello \u2013 Artista Solo<br \/>\nMarina Ara\u00fajo \u2013 Artista Solo<br \/>\nEgler Bruno \u2013 Cidade Negra<br \/>\nGabi Borges &#8211; The Voice Brasil<br \/>\nentre outros&#8230;<\/p>\n<h4>Venha fazer parte de nossa Hist\u00f3ria!<\/h4>\n","protected":false},"excerpt":{"rendered":"<p>Desde 1994 fazemos parte do caminho educacional trilhado por nossos alunos. Alguns optam pela carreira profissional. Veja abaixo a lista de ex-alunos que conquistaram destaque nacional<span class=\"excerpt-hellip\"> [\u2026]<\/span><\/p>\n","protected":false},"author":1,"featured_media":0,"parent":0,"menu_order":0,"comment_status":"closed","ping_status":"closed","template":"","meta":[],"_links":{"self":[{"href":"https:\/\/escolaemp.com.br\/emp\/wp-json\/wp\/v2\/pages\/104"}],"collection":[{"href":"https:\/\/escolaemp.com.br\/emp\/wp-json\/wp\/v2\/pages"}],"about":[{"href":"https:\/\/escolaemp.com.br\/emp\/wp-json\/wp\/v2\/types\/page"}],"author":[{"embeddable":true,"href":"https:\/\/escolaemp.com.br\/emp\/wp-json\/wp\/v2\/users\/1"}],"replies":[{"embeddable":true,"href":"https:\/\/escolaemp.com.br\/emp\/wp-json\/wp\/v2\/comments?post=104"}],"version-history":[{"count":17,"href":"https:\/\/escolaemp.com.br\/emp\/wp-json\/wp\/v2\/pages\/104\/revisions"}],"predecessor-version":[{"id":3091,"href":"https:\/\/escolaemp.com.br\/emp\/wp-json\/wp\/v2\/pages\/104\/revisions\/3091"}],"wp:attachment":[{"href":"https:\/\/escolaemp.com.br\/emp\/wp-json\/wp\/v2\/media?parent=104"}],"curies":[{"name":"wp","href":"https:\/\/api.w.org\/{rel}","templated":true}]}}