{"id":100,"date":"2018-10-23T23:53:22","date_gmt":"2018-10-23T23:53:22","guid":{"rendered":"https:\/\/escolaemp.com.br\/emp\/?page_id=100"},"modified":"2025-07-23T12:42:42","modified_gmt":"2025-07-23T12:42:42","slug":"a-escola","status":"publish","type":"page","link":"https:\/\/escolaemp.com.br\/emp\/a-escola\/","title":{"rendered":"A Escola"},"content":{"rendered":"<h3><img decoding=\"async\" loading=\"lazy\" class=\"alignnone wp-image-283 size-full\" src=\"https:\/\/escolaemp.com.br\/emp\/wp-content\/uploads\/2018\/12\/A-hist\u00f3ria.jpg\" alt=\"A hist\u00f3ria da Escola de M\u00fasica Popular\" width=\"1490\" height=\"200\" srcset=\"https:\/\/escolaemp.com.br\/emp\/wp-content\/uploads\/2018\/12\/A-hist\u00f3ria.jpg 1490w, https:\/\/escolaemp.com.br\/emp\/wp-content\/uploads\/2018\/12\/A-hist\u00f3ria-300x40.jpg 300w, https:\/\/escolaemp.com.br\/emp\/wp-content\/uploads\/2018\/12\/A-hist\u00f3ria-768x103.jpg 768w, https:\/\/escolaemp.com.br\/emp\/wp-content\/uploads\/2018\/12\/A-hist\u00f3ria-1024x137.jpg 1024w, https:\/\/escolaemp.com.br\/emp\/wp-content\/uploads\/2018\/12\/A-hist\u00f3ria-260x35.jpg 260w, https:\/\/escolaemp.com.br\/emp\/wp-content\/uploads\/2018\/12\/A-hist\u00f3ria-50x7.jpg 50w, https:\/\/escolaemp.com.br\/emp\/wp-content\/uploads\/2018\/12\/A-hist\u00f3ria-150x20.jpg 150w\" sizes=\"(max-width: 1490px) 100vw, 1490px\" \/><\/h3>\n<h3><\/h3>\n<h3 class=\"article-title\">Apresenta\u00e7\u00e3o da Escola EMP &#8211; Escola de M\u00fasica Popular<\/h3>\n<p>A\u00a0<strong>Escola EMP<\/strong>\u00a0(antiga Pro-Music Unidade S\u00e3o Pedro) oferece cursos para todos os instrumentos e canto para alunos de todos os n\u00edveis. Al\u00e9m disso, a escola tamb\u00e9m oferece o curso de grava\u00e7\u00e3o e produ\u00e7\u00e3o musical (Pro-Tools e FL Studio). curso espec\u00edfico de musicais e curso de DJ. Sua metodologia baseada nas melhores escolas do g\u00eanero no mundo, aliada ao alto n\u00edvel de seus professores, e tamb\u00e9m \u00e0 sua infraestrutura e localiza\u00e7\u00e3o, levaram-na rapidamente a ser reconhecida como um dos mais completos centros de ensino de m\u00fasica popular do Brasil.<\/p>\n","protected":false},"excerpt":{"rendered":"<p>Apresenta\u00e7\u00e3o da Escola EMP &#8211; Escola de M\u00fasica Popular A\u00a0Escola EMP\u00a0(antiga Pro-Music Unidade S\u00e3o Pedro) oferece cursos para todos os instrumentos e canto para alunos de<span class=\"excerpt-hellip\"> [\u2026]<\/span><\/p>\n","protected":false},"author":1,"featured_media":0,"parent":0,"menu_order":0,"comment_status":"closed","ping_status":"closed","template":"","meta":[],"_links":{"self":[{"href":"https:\/\/escolaemp.com.br\/emp\/wp-json\/wp\/v2\/pages\/100"}],"collection":[{"href":"https:\/\/escolaemp.com.br\/emp\/wp-json\/wp\/v2\/pages"}],"about":[{"href":"https:\/\/escolaemp.com.br\/emp\/wp-json\/wp\/v2\/types\/page"}],"author":[{"embeddable":true,"href":"https:\/\/escolaemp.com.br\/emp\/wp-json\/wp\/v2\/users\/1"}],"replies":[{"embeddable":true,"href":"https:\/\/escolaemp.com.br\/emp\/wp-json\/wp\/v2\/comments?post=100"}],"version-history":[{"count":5,"href":"https:\/\/escolaemp.com.br\/emp\/wp-json\/wp\/v2\/pages\/100\/revisions"}],"predecessor-version":[{"id":2895,"href":"https:\/\/escolaemp.com.br\/emp\/wp-json\/wp\/v2\/pages\/100\/revisions\/2895"}],"wp:attachment":[{"href":"https:\/\/escolaemp.com.br\/emp\/wp-json\/wp\/v2\/media?parent=100"}],"curies":[{"name":"wp","href":"https:\/\/api.w.org\/{rel}","templated":true}]}}